{"id":3,"date":"2019-05-13T14:51:01","date_gmt":"2019-05-13T12:51:01","guid":{"rendered":"http:\/\/brunodesroche.fr\/?page_id=3"},"modified":"2020-04-03T14:17:24","modified_gmt":"2020-04-03T12:17:24","slug":"mentions-legales","status":"publish","type":"page","link":"http:\/\/calfistes.fr\/stjeanesperance\/mentions-legales\/","title":{"rendered":"Mentions l\u00e9gales"},"content":{"rendered":"[et_pb_section fb_built=\u00a0\u00bb1&Prime; admin_label=\u00a0\u00bbsection\u00a0\u00bb _builder_version=\u00a0\u00bb3.22&Prime; fb_built=\u00a0\u00bb1&Prime; _i=\u00a0\u00bb0&Prime; _address=\u00a0\u00bb0&Prime;][et_pb_row admin_label=\u00a0\u00bbrow\u00a0\u00bb _builder_version=\u00a0\u00bb3.25&Prime; background_size=\u00a0\u00bbinitial\u00a0\u00bb background_position=\u00a0\u00bbtop_left\u00a0\u00bb background_repeat=\u00a0\u00bbrepeat\u00a0\u00bb _i=\u00a0\u00bb0&Prime; _address=\u00a0\u00bb0.0&Prime;][et_pb_column type=\u00a0\u00bb4_4&Prime; _builder_version=\u00a0\u00bb3.25&Prime; custom_padding=\u00a0\u00bb|||\u00a0\u00bb custom_padding__hover=\u00a0\u00bb|||\u00a0\u00bb _i=\u00a0\u00bb0&Prime; _address=\u00a0\u00bb0.0.0&Prime;][et_pb_text admin_label=\u00a0\u00bbText\u00a0\u00bb _builder_version=\u00a0\u00bb3.29.2&Prime; background_size=\u00a0\u00bbinitial\u00a0\u00bb background_position=\u00a0\u00bbtop_left\u00a0\u00bb background_repeat=\u00a0\u00bbrepeat\u00a0\u00bb hover_enabled=\u00a0\u00bb0&Prime; _i=\u00a0\u00bb0&Prime; _address=\u00a0\u00bb0.0.0.0&Prime;]\n<h1 class=\"wp-block-heading\">Mentions l\u00e9gales<\/h1>\n<p>Le site www.brunodesroche.fr a pour objet de fournir une information concernant l\u2019ensemble des activit\u00e9s de l\u2019artiste peintre contemporain Bruno Desroche.<\/p>\n<h2>1. Propri\u00e9t\u00e9 intellectuelle<\/h2>\n<p>Bruno Desroche est propri\u00e9taire des droits de propri\u00e9t\u00e9 intellectuelle ou d\u00e9tient les droits d\u2019usage sur tous les \u00e9l\u00e9ments accessibles sur le site, notamment les marques, logos, photographies, images, illustrations, textes, clips vid\u00e9os ou sonore, fichiers disponibles en t\u00e9l\u00e9chargement, base de donn\u00e9es figurant sur le site, charte graphique, structure g\u00e9n\u00e9rale du site, etc\u2026<\/p>\n<h2>2. Droits de reproduction<\/h2>\n<p>Toute reproduction et\/ou repr\u00e9sentation et\/ou diffusion, int\u00e9grale ou partielle, du site www.brunodesroche.fr, ou de l\u2019un des \u00e9l\u00e9ments qui le composent, sur quelque support que ce soit, n\u2019est autoris\u00e9e qu\u2019\u00e0 des fins d\u2019information pour un usage strictement personnel et priv\u00e9. <br \/>Toute fin autre que priv\u00e9e (commerciale notamment) est express\u00e9ment interdite. Toute reproduction et\/ou repr\u00e9sentation du site www.brunodesroche.fr devra faire l\u2019objet d\u2019une autorisation \u00e9crite et pr\u00e9alable de Bruno Desroche.<br \/>La reproduction des textes sur un support papier est autoris\u00e9e dans le cadre p\u00e9dagogique, sous r\u00e9serve du respect des trois conditions suivantes :<br \/>\u2022 Gratuit\u00e9 de la diffusion<br \/>\u2022 Respect de l\u2019int\u00e9grit\u00e9 des documents reproduits (pas de modification ni d\u2019alt\u00e9ration)<br \/>\u2022 Citation claire et lisible de la source sous la forme suivante :\u2028 \u00ab Document issu du site internet de Bruno Desroche www.brunodesroche.fr. Les droits de reproduction sont r\u00e9serv\u00e9s et strictement limit\u00e9s. \u00bb <br \/>&#8211; Liens hypertexte : La mise en place d\u2019un lien hypertexte pointant vers un contenu du site est autoris\u00e9e, sous r\u00e9serve de mentionner la source avec le lien hypertexte qui pointe sur le contenu du site. Les informations utilis\u00e9es ne doivent l\u2019\u00eatre qu\u2019\u00e0 des fins personnelles, associatives ou professionnelles ; toute utilisation \u00e0 des fins commerciales ou publicitaires est exclue. Attention ! Cette autorisation ne s\u2019applique pas aux sites internet diffusant des informations \u00e0 caract\u00e8re pol\u00e9mique, pornographique, x\u00e9nophobe ou pouvant, dans une plus large mesure, porter atteinte \u00e0 la sensibilit\u00e9 du plus grand nombre.<\/p>\n<h2>3. Droit applicable et attribution de juridiction<\/h2>\n<p>Tout litige en relation avec l\u2019utilisation du site www.brunodesroche.fr est soumis au droit fran\u00e7ais. Il est fait attribution exclusive de juridiction aux tribunaux comp\u00e9tents de Lyon.<\/p>\n<h2>4. Gestion des donn\u00e9es personnelles<\/h2>\n<p>En France, les donn\u00e9es personnelles sont notamment prot\u00e9g\u00e9es par la loi n\u00b0 78-87 du 6 janvier 1978, la loi n\u00b0 2004-801 du 6 ao\u00fbt 2004, l\u2019article L. 226-13 du Code p\u00e9nal et la Directive Europ\u00e9enne du 24 octobre 1995.<br \/>A l\u2019occasion de l\u2019utilisation du site http:\/\/www.brunodesroche.fr, peuvent \u00eatres recueillies : l\u2019URL des liens par l\u2019interm\u00e9diaire desquels l\u2019utilisateur a acc\u00e9d\u00e9 au site http:\/\/www.brunodesroche.fr, le fournisseur d\u2019acc\u00e8s de l\u2019utilisateur, l\u2019adresse de protocole Internet (IP) de l\u2019utilisateur.<\/p>\n<p>En tout \u00e9tat de cause le site de l\u2019artiste peintre ne collecte des informations personnelles relatives \u00e0 l\u2019utilisateur que pour le besoin de certains services propos\u00e9s par le site http:\/\/www.brunodesroche.fr. L\u2019utilisateur fournit ces informations en toute connaissance de cause, notamment lorsqu\u2019il proc\u00e8de par lui-m\u00eame \u00e0 leur saisie. Il est alors pr\u00e9cis\u00e9 \u00e0 l\u2019utilisateur du site http:\/\/www.brunodesroche.fr l\u2019obligation ou non de fournir ces informations.<\/p>\n<p>Conform\u00e9ment aux dispositions des articles 38 et suivants de la loi 78-17 du 6 janvier 1978 relative \u00e0 l\u2019informatique, aux fichiers et aux libert\u00e9s, tout utilisateur dispose d\u2019un droit d\u2019acc\u00e8s, de rectification et d\u2019opposition aux donn\u00e9es personnelles le concernant, en effectuant sa demande \u00e9crite et sign\u00e9e, accompagn\u00e9e d\u2019une copie du titre d\u2019identit\u00e9 avec signature du titulaire de la pi\u00e8ce, en pr\u00e9cisant l\u2019adresse \u00e0 laquelle la r\u00e9ponse doit \u00eatre envoy\u00e9e.<\/p>\n<p>Aucune information personnelle de l\u2019utilisateur du site http:\/\/www.brunodesroche.fr n\u2019est publi\u00e9e \u00e0 l\u2019insu de l\u2019utilisateur, \u00e9chang\u00e9e, transf\u00e9r\u00e9e, c\u00e9d\u00e9e ou vendue sur un support quelconque \u00e0 des tiers.<br \/>Les bases de donn\u00e9es sont prot\u00e9g\u00e9es par les dispositions de la loi du 1er juillet 1998 transposant la directive 96\/9 du 11 mars 1996 relative \u00e0 la protection juridique des bases de donn\u00e9es.<\/p>\n<h2>5.Conception et r\u00e9alisation du site<\/h2>\n<ul>\n<li>Cr\u00e9ation graphique : Yseult de Saint Louvent<\/li>\n<li>D\u00e9veloppement et int\u00e9gration HTML : Damien Le Verdier<\/li>\n<li>Cr\u00e9dits photo : Bruno Desroche<\/li>\n<\/ul>\n[\/et_pb_text][\/et_pb_column][\/et_pb_row][\/et_pb_section]","protected":false},"excerpt":{"rendered":"<p>[et_pb_section fb_built=\u00a0\u00bb1&Prime; admin_label=\u00a0\u00bbsection\u00a0\u00bb _builder_version=\u00a0\u00bb3.22&Prime; fb_built=\u00a0\u00bb1&Prime; _i=\u00a0\u00bb0&Prime; _address=\u00a0\u00bb0&Prime;][et_pb_row admin_label=\u00a0\u00bbrow\u00a0\u00bb _builder_version=\u00a0\u00bb3.25&Prime; background_size=\u00a0\u00bbinitial\u00a0\u00bb background_position=\u00a0\u00bbtop_left\u00a0\u00bb background_repeat=\u00a0\u00bbrepeat\u00a0\u00bb _i=\u00a0\u00bb0&Prime; _address=\u00a0\u00bb0.0&Prime;][et_pb_column type=\u00a0\u00bb4_4&Prime; _builder_version=\u00a0\u00bb3.25&Prime; custom_padding=\u00a0\u00bb|||\u00a0\u00bb custom_padding__hover=\u00a0\u00bb|||\u00a0\u00bb _i=\u00a0\u00bb0&Prime; _address=\u00a0\u00bb0.0.0&Prime;][et_pb_text admin_label=\u00a0\u00bbText\u00a0\u00bb _builder_version=\u00a0\u00bb3.29.2&Prime; background_size=\u00a0\u00bbinitial\u00a0\u00bb background_position=\u00a0\u00bbtop_left\u00a0\u00bb background_repeat=\u00a0\u00bbrepeat\u00a0\u00bb hover_enabled=\u00a0\u00bb0&Prime; _i=\u00a0\u00bb0&Prime; _address=\u00a0\u00bb0.0.0.0&Prime;] Mentions l\u00e9gales Le site www.brunodesroche.fr a pour objet de fournir une information concernant l\u2019ensemble des activit\u00e9s de l\u2019artiste peintre contemporain Bruno Desroche. 1. Propri\u00e9t\u00e9 intellectuelle Bruno Desroche [&hellip;]<\/p>\n","protected":false},"author":1,"featured_media":0,"parent":0,"menu_order":100,"comment_status":"closed","ping_status":"closed","template":"","meta":{"footnotes":""},"class_list":["post-3","page","type-page","status-publish","hentry"],"_links":{"self":[{"href":"http:\/\/calfistes.fr\/stjeanesperance\/wp-json\/wp\/v2\/pages\/3","targetHints":{"allow":["GET"]}}],"collection":[{"href":"http:\/\/calfistes.fr\/stjeanesperance\/wp-json\/wp\/v2\/pages"}],"about":[{"href":"http:\/\/calfistes.fr\/stjeanesperance\/wp-json\/wp\/v2\/types\/page"}],"author":[{"embeddable":true,"href":"http:\/\/calfistes.fr\/stjeanesperance\/wp-json\/wp\/v2\/users\/1"}],"replies":[{"embeddable":true,"href":"http:\/\/calfistes.fr\/stjeanesperance\/wp-json\/wp\/v2\/comments?post=3"}],"version-history":[{"count":2,"href":"http:\/\/calfistes.fr\/stjeanesperance\/wp-json\/wp\/v2\/pages\/3\/revisions"}],"predecessor-version":[{"id":2601,"href":"http:\/\/calfistes.fr\/stjeanesperance\/wp-json\/wp\/v2\/pages\/3\/revisions\/2601"}],"wp:attachment":[{"href":"http:\/\/calfistes.fr\/stjeanesperance\/wp-json\/wp\/v2\/media?parent=3"}],"curies":[{"name":"wp","href":"https:\/\/api.w.org\/{rel}","templated":true}]}}