{"id":2794,"date":"2024-06-20T14:45:00","date_gmt":"2024-06-20T12:45:00","guid":{"rendered":"http:\/\/calfistes.fr\/laboursetocqueville\/?page_id=2794"},"modified":"2024-08-01T11:09:38","modified_gmt":"2024-08-01T09:09:38","slug":"jeanne-pavard","status":"publish","type":"page","link":"http:\/\/calfistes.fr\/laboursetocqueville\/jeanne-pavard\/","title":{"rendered":"Jeanne Pavard"},"content":{"rendered":"\t\t<div data-elementor-type=\"wp-page\" data-elementor-id=\"2794\" class=\"elementor elementor-2794\" data-elementor-post-type=\"page\">\n\t\t\t\t<div class=\"elementor-element elementor-element-273d3a8f e-flex e-con-boxed e-con e-parent\" data-id=\"273d3a8f\" data-element_type=\"container\" data-settings=\"{&quot;background_background&quot;:&quot;classic&quot;}\">\n\t\t\t\t\t<div class=\"e-con-inner\">\n\t\t\t\t<div class=\"elementor-element elementor-element-617009f6 elementor-widget elementor-widget-heading\" data-id=\"617009f6\" data-element_type=\"widget\" data-widget_type=\"heading.default\">\n\t\t\t\t<div class=\"elementor-widget-container\">\n\t\t\t<style>\/*! elementor - v3.23.0 - 25-07-2024 *\/\n.elementor-heading-title{padding:0;margin:0;line-height:1}.elementor-widget-heading .elementor-heading-title[class*=elementor-size-]>a{color:inherit;font-size:inherit;line-height:inherit}.elementor-widget-heading .elementor-heading-title.elementor-size-small{font-size:15px}.elementor-widget-heading .elementor-heading-title.elementor-size-medium{font-size:19px}.elementor-widget-heading .elementor-heading-title.elementor-size-large{font-size:29px}.elementor-widget-heading .elementor-heading-title.elementor-size-xl{font-size:39px}.elementor-widget-heading .elementor-heading-title.elementor-size-xxl{font-size:59px}<\/style><h1 class=\"elementor-heading-title elementor-size-default\">T\u00e9moignages<\/h1>\t\t<\/div>\n\t\t\t\t<\/div>\n\t\t\t\t\t<\/div>\n\t\t\t\t<\/div>\n\t\t<div class=\"elementor-element elementor-element-6a21deee e-flex e-con-boxed e-con e-parent\" data-id=\"6a21deee\" data-element_type=\"container\">\n\t\t\t\t\t<div class=\"e-con-inner\">\n\t\t<div class=\"elementor-element elementor-element-92c9a11 e-con-full e-flex e-con e-child\" data-id=\"92c9a11\" data-element_type=\"container\">\n\t\t\t\t<div class=\"elementor-element elementor-element-1b620d9e elementor-widget elementor-widget-image\" data-id=\"1b620d9e\" data-element_type=\"widget\" data-widget_type=\"image.default\">\n\t\t\t\t<div class=\"elementor-widget-container\">\n\t\t\t<style>\/*! elementor - v3.23.0 - 25-07-2024 *\/\n.elementor-widget-image{text-align:center}.elementor-widget-image a{display:inline-block}.elementor-widget-image a img[src$=\".svg\"]{width:48px}.elementor-widget-image img{vertical-align:middle;display:inline-block}<\/style>\t\t\t\t\t\t\t\t\t\t<img fetchpriority=\"high\" decoding=\"async\" width=\"800\" height=\"800\" src=\"http:\/\/calfistes.fr\/laboursetocqueville\/wp-content\/uploads\/2024\/06\/8b8de19f-05b5-49d5-bef8-e2c4ebf55494-1024x1024.png\" class=\"attachment-large size-large wp-image-2626\" alt=\"\" srcset=\"http:\/\/calfistes.fr\/laboursetocqueville\/wp-content\/uploads\/2024\/06\/8b8de19f-05b5-49d5-bef8-e2c4ebf55494-1024x1024.png 1024w, http:\/\/calfistes.fr\/laboursetocqueville\/wp-content\/uploads\/2024\/06\/8b8de19f-05b5-49d5-bef8-e2c4ebf55494-300x300.png 300w, http:\/\/calfistes.fr\/laboursetocqueville\/wp-content\/uploads\/2024\/06\/8b8de19f-05b5-49d5-bef8-e2c4ebf55494-150x150.png 150w, http:\/\/calfistes.fr\/laboursetocqueville\/wp-content\/uploads\/2024\/06\/8b8de19f-05b5-49d5-bef8-e2c4ebf55494-768x768.png 768w, http:\/\/calfistes.fr\/laboursetocqueville\/wp-content\/uploads\/2024\/06\/8b8de19f-05b5-49d5-bef8-e2c4ebf55494.png 1067w\" sizes=\"(max-width: 800px) 100vw, 800px\" \/>\t\t\t\t\t\t\t\t\t\t\t\t\t<\/div>\n\t\t\t\t<\/div>\n\t\t\t\t<\/div>\n\t\t<div class=\"elementor-element elementor-element-51bb16fa e-con-full e-flex e-con e-child\" data-id=\"51bb16fa\" data-element_type=\"container\">\n\t\t\t\t<div class=\"elementor-element elementor-element-5aa67eec elementor-widget elementor-widget-heading\" data-id=\"5aa67eec\" data-element_type=\"widget\" data-widget_type=\"heading.default\">\n\t\t\t\t<div class=\"elementor-widget-container\">\n\t\t\t<h2 class=\"elementor-heading-title elementor-size-default\">Jeanne Pavard<\/h2>\t\t<\/div>\n\t\t\t\t<\/div>\n\t\t\t\t<div class=\"elementor-element elementor-element-29e70a4c elementor-widget elementor-widget-text-editor\" data-id=\"29e70a4c\" data-element_type=\"widget\" data-widget_type=\"text-editor.default\">\n\t\t\t\t<div class=\"elementor-widget-container\">\n\t\t\t<style>\/*! elementor - v3.23.0 - 25-07-2024 *\/\n.elementor-widget-text-editor.elementor-drop-cap-view-stacked .elementor-drop-cap{background-color:#69727d;color:#fff}.elementor-widget-text-editor.elementor-drop-cap-view-framed .elementor-drop-cap{color:#69727d;border:3px solid;background-color:transparent}.elementor-widget-text-editor:not(.elementor-drop-cap-view-default) .elementor-drop-cap{margin-top:8px}.elementor-widget-text-editor:not(.elementor-drop-cap-view-default) .elementor-drop-cap-letter{width:1em;height:1em}.elementor-widget-text-editor .elementor-drop-cap{float:left;text-align:center;line-height:1;font-size:50px}.elementor-widget-text-editor .elementor-drop-cap-letter{display:inline-block}<\/style>\t\t\t\t<p><span style=\"font-weight: 400;\">Je m\u2019appelle Jeanne Pavard, j\u2019ai aujourd\u2019hui 40 ans. J\u2019ai eu la chance d\u2019\u00eatre s\u00e9lectionn\u00e9e et de participer \u00e0 La Bourse Tocqueville de l\u2019\u00e9t\u00e9 2006.<\/span><\/p>\t\t\t\t\t\t<\/div>\n\t\t\t\t<\/div>\n\t\t\t\t<\/div>\n\t\t<div class=\"elementor-element elementor-element-65fc8316 e-con-full e-flex e-con e-child\" data-id=\"65fc8316\" data-element_type=\"container\">\n\t\t\t\t<div class=\"elementor-element elementor-element-535a9fba elementor-widget elementor-widget-text-editor\" data-id=\"535a9fba\" data-element_type=\"widget\" data-widget_type=\"text-editor.default\">\n\t\t\t\t<div class=\"elementor-widget-container\">\n\t\t\t\t\t\t\t<p><b><i><\/i><\/b><span style=\"text-decoration: underline;\"><b><i>Qu&rsquo;est-ce qui vous a inspir\u00e9 \u00e0 postuler pour La Bourse Tocqueville, et qu&rsquo;esp\u00e9riez-vous accomplir ?<\/i><\/b><\/span><\/p><p><span style=\"font-weight: 400;\">J\u2019\u00e9tais, \u00e0 cette \u00e9poque, aux pr\u00e9mices de mon parcours professionnel, que j\u2019ai toujours voulu engag\u00e9 au service de mon pays. Apr\u00e8s avoir fait des \u00e9tudes de journalisme \u00e0 Paris, j\u2019ai commenc\u00e9 \u00e0 travailler pour divers journaux sp\u00e9cialis\u00e9s dans les sujets li\u00e9s aux politiques publiques. J\u2019ai alors rejoint l\u2019unique association de d\u00e9fense des contribuables qui existe en France, inspir\u00e9e de mod\u00e8les am\u00e9ricains, Contribuables Associ\u00e9s. J\u2019ai d\u2019abord r\u00e9dig\u00e9 des articles et enqu\u00eates sur les gaspillages d\u2019argent public, et effectu\u00e9 de nombreuses interviews d\u2019\u00e9lus, de journalistes et d\u2019experts de tous les domaines qui ont trait \u00e0 l\u2019argent public\u2026 Et en France, il y en a beaucoup !! J\u2019ai alors eu le projet, en lien avec les dirigeants de Contribuables Associ\u00e9s, de contribuer au travail de lobbying de l\u2019association, en particulier aupr\u00e8s des politiques. Dans le cadre de cette r\u00e9flexion, j\u2019ai candidat\u00e9 \u00e0 La Bourse Tocqueville afin d\u2019aller \u00e9tudier le travail des associations de lobbying am\u00e9ricaines, dont les m\u00e9thodes sont autrement plus d\u00e9velopp\u00e9es et professionnelles que les n\u00f4tres.\u00a0<\/span><\/p><p><span style=\"text-decoration: underline;\"><b><i>Pouvez-vous d\u00e9crire l&rsquo;une des exp\u00e9riences les plus m\u00e9morables que vous avez eues pendant votre s\u00e9jour \u00e0 Washington D.C. ?<\/i><\/b><\/span><\/p><p><span style=\"font-weight: 400;\">L\u2019un de nos premiers rendez-vous \u00e9tait avec la directrice de l\u2019association d\u2019Heritage Fundation, une association qui travaille \u00e0 sensibiliser les pouvoirs publics \u00e0 la n\u00e9cessit\u00e9 de pr\u00e9server les valeurs conservatrices au sein de la soci\u00e9t\u00e9 am\u00e9ricaine. Nous avons \u00e9t\u00e9 re\u00e7u dans une grande salle au rez-de-chauss\u00e9e d\u2019un immeuble. Vu le domaine d&rsquo;intervention de cette association, nous nous attendions \u00e0 nous rendre dans des locaux modestes, et nous \u00e9tions d\u00e9j\u00e0 impressionn\u00e9 par la modernit\u00e9 et la qualit\u00e9 de cette salle de r\u00e9union\u2026. Mais quelle ne fut pas notre surprise quand nous avons compris que cette association, en plus de cette grande salle moderne en rez-de-chauss\u00e9e, poss\u00e9dait tout l\u2019immeuble, qui nous a sembl\u00e9 gigantesque ! Ca n\u2019\u00e9tait que la premi\u00e8re \u00e9tape d\u2019une immersion dans un monde o\u00f9 le lobbying, peu importe sa couleur politique, est pratiqu\u00e9 de mani\u00e8re extr\u00eamement professionnelle, et avec des moyens consid\u00e9rables. Bien loin de ce \u00e0 quoi nous \u00e9tions habitu\u00e9s en France.\u00a0<\/span><\/p><p><span style=\"text-decoration: underline;\"><b><i>Quels ont \u00e9t\u00e9 les principaux enseignements de votre bourse qui ont eu un impact sur votre vie personnelle et professionnelle ?<\/i><\/b><\/span><\/p><p><span style=\"font-weight: 400;\">La rigueur professionnelle a \u00e9t\u00e9 le premier et le plus important des enseignements tir\u00e9s de ce s\u00e9jour.\u00a0<\/span><\/p><p><span style=\"font-weight: 400;\">Gr\u00e2ce aux diff\u00e9rentes rencontres et visites organis\u00e9es par la BT, j\u2019ai d\u00e9couvert que les Am\u00e9ricains exercent toute activit\u00e9, y compris militante, avec une grande rigueur. Cette exigence qu\u2019ils s\u2019appliquent \u00e0 eux-m\u00eames, et dans toute activit\u00e9,\u00a0 est issue d\u2019une vision nationale ambitieuse, et d\u2019un sentiment de patriotisme tr\u00e8s d\u00e9velopp\u00e9.<\/span><\/p><p><span style=\"font-weight: 400;\">Le patriotisme.<\/span><\/p><p><span style=\"font-weight: 400;\">Le sentiment d\u2019adh\u00e9sion \u00e0 son pays, \u00e0 son histoire, la responsabilit\u00e9 de chacun dans la direction prise par son pays, collectivement, sont des valeurs intrins\u00e8ques \u00e0 la soci\u00e9t\u00e9 am\u00e9ricaine. Ce patriotisme s\u2019exprime \u00e0 tous les niveaux de la soci\u00e9t\u00e9, du drapeau am\u00e9ricain plant\u00e9 dans son jardin, \u00e0 l\u2019engagement des jeunes dans les associations, la politique\u2026\u00a0<\/span><\/p><p><span style=\"font-weight: 400;\">Ces deux principales observations, parmi tant d\u2019autres, ont renforc\u00e9 mon engagement, et m\u2019ont permis de relever consid\u00e9rablement le niveau de mon exigence professionnelle et de mon ambition pour mon pays.\u00a0<\/span><\/p><p><span style=\"text-decoration: underline;\"><b><i>Comment la bourse a-t-elle facilit\u00e9 les opportunit\u00e9s de r\u00e9seautage, et pourriez-vous partager comment ces connexions vous ont aid\u00e9 dans votre carri\u00e8re ?<\/i><\/b><\/span><\/p><p><span style=\"font-weight: 400;\">Pour ma part, j\u2019ai conserv\u00e9 des relations professionnelles et amicales avec tous les membres de ma promotion, qui sont tous rest\u00e9s tr\u00e8s engag\u00e9s, sans exception\u00a0 !\u00a0 Cette exp\u00e9rience nous a fortement soud\u00e9. Chaque fois que je les rencontre, surgissent des souvenirs communs qui nous ont tous impact\u00e9s de la m\u00eame fa\u00e7on. En revanche, les contacts pris avec les associations am\u00e9ricaines n\u2019ont pas \u00e9t\u00e9 poursuivis.\u00a0<\/span><\/p><p><span style=\"text-decoration: underline;\"><b><i>Quelles comp\u00e9tences sp\u00e9cifiques avez-vous d\u00e9velopp\u00e9es pendant la bourse qui vous sont utiles dans votre r\u00f4le actuel ?<\/i><\/b><\/span><\/p><p><span style=\"font-weight: 400;\">Principalement, j\u2019ai d\u00e9velopp\u00e9 ma connaissance des institutions am\u00e9ricaines, des sujets propres \u00e0 ce pays et des forces en pr\u00e9sence.\u00a0<\/span><\/p><p><span style=\"font-weight: 400;\">Les entretiens et la formation au Leadership Institut m\u2019ont \u00e9galement permis de d\u00e9velopper des comp\u00e9tences techniques pr\u00e9cises en communication, lobbying et relations presse, que j\u2019ai eu l\u2019occasion de mettre en \u0153uvre par la suite, durant toute ma vie professionnelle.\u00a0<\/span><\/p><p><b><i><\/i><\/b><span style=\"text-decoration: underline;\"><b><i>Bas\u00e9 sur votre exp\u00e9rience, quel conseil donneriez-vous \u00e0 quelqu&rsquo;un envisageant de postuler pour La Bourse Tocqueville ?<\/i><\/b><\/span><\/p><p><span style=\"font-weight: 400;\">Tout d\u2019abord, je conseillerai \u00e0 tout candidat de bien pr\u00e9parer son s\u00e9jour. Il faut, en premier lieu, \u00e9tudier (ou r\u00e9viser) son histoire politique des Etats-Unis, lire quotidiennement les journaux am\u00e9ricains au minimum pendant les 6 mois qui pr\u00e9c\u00e8dent son d\u00e9part, et enfin se renseigner de mani\u00e8re pr\u00e9cise sur les associations, personnalit\u00e9s et m\u00e9dias qu\u2019il sera amen\u00e9 \u00e0 rencontrer.\u00a0<\/span><\/p><p><span style=\"font-weight: 400;\">Il est tr\u00e8s important, \u00e9galement, de pr\u00e9parer un projet concret, effectif, \u00e0 mettre en \u0153uvre \u00e0 son retour. Plus ce projet sera concret, plus il sera facile \u00e0 mettre en \u0153uvre, car les Am\u00e9ricains le sont et le laur\u00e9at pourra acqu\u00e9rir, au fil de sa visite, de nombreuses comp\u00e9tences tr\u00e8s pratiques.\u00a0<\/span><\/p><p><b><i><\/i><\/b><span style=\"text-decoration: underline;\"><b><i>Avec du recul, comment La Bourse Tocqueville a-t-elle influenc\u00e9 votre trajectoire professionnelle ?<\/i><\/b><\/span><\/p><p><span style=\"font-weight: 400;\">La Bourse Tocqueville a influenc\u00e9 de mani\u00e8re importante et durable mon parcours professionnel.\u00a0<\/span><\/p><p><span style=\"font-weight: 400;\">De mani\u00e8re g\u00e9n\u00e9rale, les apprentissages d\u00e9crits ci-dessus ont influenc\u00e9 durablement mes m\u00e9thodes de travail et mon investissement dans chacun de mes engagements. Il m\u2019arrive encore, tr\u00e8s souvent, de prendre exemple ou d\u2019\u00e9voquer des rencontres faites dans le cadre de la BT pour mon travail.\u00a0<\/span><\/p><p><span style=\"font-weight: 400;\">A court terme, j\u2019ai pu mettre en \u0153uvre, d\u00e8s mon retour en France, le projet que j\u2019avais d\u00e9fini pour ce s\u00e9jour, \u00e0 savoir : le d\u00e9veloppement des relations publiques de l\u2019association pour laquelle je travaillais, Contribuables Associ\u00e9s.\u00a0<\/span><\/p><p><b><i><\/i><\/b><span style=\"text-decoration: underline;\"><b><i>Si vous deviez r\u00e9sumer votre exp\u00e9rience de La Bourse Tocqueville en quelques mots, quels seraient-ils ?<\/i><\/b><\/span><\/p><p><span style=\"font-weight: 400;\">La Bourse Tocqueville est une opportunit\u00e9 unique de d\u00e9couvrir de mani\u00e8re tr\u00e8s privil\u00e9gi\u00e9e les coulisses et les m\u00e9thodes de la soci\u00e9t\u00e9 civile am\u00e9ricaine.\u00a0 <\/span><span style=\"font-weight: 400;\">Ou comment professionnaliser et booster son engagement gr\u00e2ce au mod\u00e8le am\u00e9ricain.\u00a0\u00a0<\/span><\/p>\t\t\t\t\t\t<\/div>\n\t\t\t\t<\/div>\n\t\t\t\t<\/div>\n\t\t\t\t\t<\/div>\n\t\t\t\t<\/div>\n\t\t\t\t<\/div>\n\t\t","protected":false},"excerpt":{"rendered":"<p>T\u00e9moignages Jeanne Pavard Je m\u2019appelle Jeanne Pavard, j\u2019ai aujourd\u2019hui 40 ans. J\u2019ai eu la chance d\u2019\u00eatre s\u00e9lectionn\u00e9e et de participer \u00e0 La Bourse Tocqueville de l\u2019\u00e9t\u00e9 2006. Qu&rsquo;est-ce qui vous a inspir\u00e9 \u00e0 postuler pour La Bourse Tocqueville, et qu&rsquo;esp\u00e9riez-vous accomplir ? J\u2019\u00e9tais, \u00e0 cette \u00e9poque, aux pr\u00e9mices de mon parcours professionnel, que j\u2019ai toujours [&hellip;]<\/p>\n","protected":false},"author":2,"featured_media":0,"parent":0,"menu_order":0,"comment_status":"closed","ping_status":"closed","template":"","meta":{"footnotes":""},"class_list":["post-2794","page","type-page","status-publish","hentry"],"_links":{"self":[{"href":"http:\/\/calfistes.fr\/laboursetocqueville\/wp-json\/wp\/v2\/pages\/2794","targetHints":{"allow":["GET"]}}],"collection":[{"href":"http:\/\/calfistes.fr\/laboursetocqueville\/wp-json\/wp\/v2\/pages"}],"about":[{"href":"http:\/\/calfistes.fr\/laboursetocqueville\/wp-json\/wp\/v2\/types\/page"}],"author":[{"embeddable":true,"href":"http:\/\/calfistes.fr\/laboursetocqueville\/wp-json\/wp\/v2\/users\/2"}],"replies":[{"embeddable":true,"href":"http:\/\/calfistes.fr\/laboursetocqueville\/wp-json\/wp\/v2\/comments?post=2794"}],"version-history":[{"count":34,"href":"http:\/\/calfistes.fr\/laboursetocqueville\/wp-json\/wp\/v2\/pages\/2794\/revisions"}],"predecessor-version":[{"id":4277,"href":"http:\/\/calfistes.fr\/laboursetocqueville\/wp-json\/wp\/v2\/pages\/2794\/revisions\/4277"}],"wp:attachment":[{"href":"http:\/\/calfistes.fr\/laboursetocqueville\/wp-json\/wp\/v2\/media?parent=2794"}],"curies":[{"name":"wp","href":"https:\/\/api.w.org\/{rel}","templated":true}]}}