{"id":2789,"date":"2024-06-20T14:43:36","date_gmt":"2024-06-20T12:43:36","guid":{"rendered":"http:\/\/calfistes.fr\/laboursetocqueville\/?page_id=2789"},"modified":"2024-08-01T11:02:09","modified_gmt":"2024-08-01T09:02:09","slug":"jean-baptiste-jaussaud","status":"publish","type":"page","link":"http:\/\/calfistes.fr\/laboursetocqueville\/jean-baptiste-jaussaud\/","title":{"rendered":"Jean-Baptiste Jaussaud"},"content":{"rendered":"\t\t<div data-elementor-type=\"wp-page\" data-elementor-id=\"2789\" class=\"elementor elementor-2789\" data-elementor-post-type=\"page\">\n\t\t\t\t<div class=\"elementor-element elementor-element-4376b63a e-flex e-con-boxed e-con e-parent\" data-id=\"4376b63a\" data-element_type=\"container\" data-settings=\"{&quot;background_background&quot;:&quot;classic&quot;}\">\n\t\t\t\t\t<div class=\"e-con-inner\">\n\t\t\t\t<div class=\"elementor-element elementor-element-3efd239a elementor-widget elementor-widget-heading\" data-id=\"3efd239a\" data-element_type=\"widget\" data-widget_type=\"heading.default\">\n\t\t\t\t<div class=\"elementor-widget-container\">\n\t\t\t<style>\/*! elementor - v3.23.0 - 25-07-2024 *\/\n.elementor-heading-title{padding:0;margin:0;line-height:1}.elementor-widget-heading .elementor-heading-title[class*=elementor-size-]>a{color:inherit;font-size:inherit;line-height:inherit}.elementor-widget-heading .elementor-heading-title.elementor-size-small{font-size:15px}.elementor-widget-heading .elementor-heading-title.elementor-size-medium{font-size:19px}.elementor-widget-heading .elementor-heading-title.elementor-size-large{font-size:29px}.elementor-widget-heading .elementor-heading-title.elementor-size-xl{font-size:39px}.elementor-widget-heading .elementor-heading-title.elementor-size-xxl{font-size:59px}<\/style><h1 class=\"elementor-heading-title elementor-size-default\">T\u00e9moignages<\/h1>\t\t<\/div>\n\t\t\t\t<\/div>\n\t\t\t\t\t<\/div>\n\t\t\t\t<\/div>\n\t\t<div class=\"elementor-element elementor-element-488ba1c8 e-flex e-con-boxed e-con e-parent\" data-id=\"488ba1c8\" data-element_type=\"container\">\n\t\t\t\t\t<div class=\"e-con-inner\">\n\t\t<div class=\"elementor-element elementor-element-14e581ae e-con-full e-flex e-con e-child\" data-id=\"14e581ae\" data-element_type=\"container\">\n\t\t\t\t<div class=\"elementor-element elementor-element-6e5f31f8 elementor-widget elementor-widget-image\" data-id=\"6e5f31f8\" data-element_type=\"widget\" data-widget_type=\"image.default\">\n\t\t\t\t<div class=\"elementor-widget-container\">\n\t\t\t<style>\/*! elementor - v3.23.0 - 25-07-2024 *\/\n.elementor-widget-image{text-align:center}.elementor-widget-image a{display:inline-block}.elementor-widget-image a img[src$=\".svg\"]{width:48px}.elementor-widget-image img{vertical-align:middle;display:inline-block}<\/style>\t\t\t\t\t\t\t\t\t\t<img fetchpriority=\"high\" decoding=\"async\" width=\"800\" height=\"800\" src=\"http:\/\/calfistes.fr\/laboursetocqueville\/wp-content\/uploads\/2024\/06\/Jean-Baptiste-Jaussaud.png\" class=\"attachment-large size-large wp-image-2614\" alt=\"\" srcset=\"http:\/\/calfistes.fr\/laboursetocqueville\/wp-content\/uploads\/2024\/06\/Jean-Baptiste-Jaussaud.png 889w, http:\/\/calfistes.fr\/laboursetocqueville\/wp-content\/uploads\/2024\/06\/Jean-Baptiste-Jaussaud-300x300.png 300w, http:\/\/calfistes.fr\/laboursetocqueville\/wp-content\/uploads\/2024\/06\/Jean-Baptiste-Jaussaud-150x150.png 150w, http:\/\/calfistes.fr\/laboursetocqueville\/wp-content\/uploads\/2024\/06\/Jean-Baptiste-Jaussaud-768x768.png 768w\" sizes=\"(max-width: 800px) 100vw, 800px\" \/>\t\t\t\t\t\t\t\t\t\t\t\t\t<\/div>\n\t\t\t\t<\/div>\n\t\t\t\t<\/div>\n\t\t<div class=\"elementor-element elementor-element-441786db e-con-full e-flex e-con e-child\" data-id=\"441786db\" data-element_type=\"container\">\n\t\t\t\t<div class=\"elementor-element elementor-element-2a8d6cf3 elementor-widget elementor-widget-heading\" data-id=\"2a8d6cf3\" data-element_type=\"widget\" data-widget_type=\"heading.default\">\n\t\t\t\t<div class=\"elementor-widget-container\">\n\t\t\t<h2 class=\"elementor-heading-title elementor-size-default\">Jean-Baptiste Jaussaud<\/h2>\t\t<\/div>\n\t\t\t\t<\/div>\n\t\t\t\t<div class=\"elementor-element elementor-element-65e11ed6 elementor-widget elementor-widget-text-editor\" data-id=\"65e11ed6\" data-element_type=\"widget\" data-widget_type=\"text-editor.default\">\n\t\t\t\t<div class=\"elementor-widget-container\">\n\t\t\t<style>\/*! elementor - v3.23.0 - 25-07-2024 *\/\n.elementor-widget-text-editor.elementor-drop-cap-view-stacked .elementor-drop-cap{background-color:#69727d;color:#fff}.elementor-widget-text-editor.elementor-drop-cap-view-framed .elementor-drop-cap{color:#69727d;border:3px solid;background-color:transparent}.elementor-widget-text-editor:not(.elementor-drop-cap-view-default) .elementor-drop-cap{margin-top:8px}.elementor-widget-text-editor:not(.elementor-drop-cap-view-default) .elementor-drop-cap-letter{width:1em;height:1em}.elementor-widget-text-editor .elementor-drop-cap{float:left;text-align:center;line-height:1;font-size:50px}.elementor-widget-text-editor .elementor-drop-cap-letter{display:inline-block}<\/style>\t\t\t\t<p><span style=\"font-weight: 400;\">Je m\u2019appelle Jean-Baptiste Jaussaud, je suis \u00e9conomiste et entrepreneur et j\u2019ai particip\u00e9 \u00e0 La Bourse Tocqueville en 2009.<\/span><\/p>\t\t\t\t\t\t<\/div>\n\t\t\t\t<\/div>\n\t\t\t\t<\/div>\n\t\t<div class=\"elementor-element elementor-element-7b9e8d94 e-con-full e-flex e-con e-child\" data-id=\"7b9e8d94\" data-element_type=\"container\">\n\t\t\t\t<div class=\"elementor-element elementor-element-6c28828b elementor-widget elementor-widget-text-editor\" data-id=\"6c28828b\" data-element_type=\"widget\" data-widget_type=\"text-editor.default\">\n\t\t\t\t<div class=\"elementor-widget-container\">\n\t\t\t\t\t\t\t<p><b><i><\/i><\/b><span style=\"text-decoration: underline;\"><b><i>Qu&rsquo;est-ce qui vous a inspir\u00e9 \u00e0 postuler pour La Bourse Tocqueville, et qu&rsquo;esp\u00e9rez-vous accomplir ?<\/i><\/b><\/span><\/p><p><span style=\"font-weight: 400;\">J\u2019ai \u00e9t\u00e9 inspir\u00e9 par l\u2019organisation forte de la soci\u00e9t\u00e9 civile am\u00e9ricain et particuli\u00e8rement du mouvement libertarien. La politique am\u00e9ricaine en g\u00e9n\u00e9ral m\u2019a toujours int\u00e9ress\u00e9e et l\u2019opportunit\u00e9 de comprendre le syst\u00e8me de coalition et de rencontrer des personnalit\u00e9s pour lesquelles j\u2019avais une grande admiration comme les chercheurs du Cato institute ou le congressman Ron Paul ont \u00e9t\u00e9 une grande source de motivation. <\/span><span style=\"font-weight: 400;\">J&rsquo;esp\u00e8re, fid\u00e8lement \u00e0 cette exp\u00e9rience, repr\u00e9senter mon courant de pens\u00e9e et mes id\u00e9es dans ma r\u00e9gion et dans la soci\u00e9t\u00e9 civile en France.<\/span><\/p><p><b><i><\/i><\/b><span style=\"text-decoration: underline;\"><b><i>Pouvez-vous d\u00e9crire l&rsquo;une des exp\u00e9riences les plus m\u00e9morables que vous avez eues pendant votre s\u00e9jour \u00e0 Washington D.C. ?<\/i><\/b><\/span><\/p><p><span style=\"font-weight: 400;\">J\u2019ai ador\u00e9 la rencontre avec Ron Paul, la visite de centre de recherche dont je suis un fid\u00e8le lecteur des notes comme le Cato Institute, la rencontre avec des chercheurs de la Fondation Heritage qui nous ont vraiment ouvert leur porte et ont r\u00e9pondu \u00e0 nos question amicalement.<\/span><\/p><p><span style=\"font-weight: 400;\">J\u2019ai beaucoup aim\u00e9 le fait de participer aux r\u00e9unions de coalition (Grover Norquist et Robert Bluey) et j\u2019ai beaucoup aim\u00e9 les interventions que nous avons eu de journalistes ou patrons de presse qui ont expliqu\u00e9 leurs engagements. J\u2019ai depuis moi-m\u00eame cr\u00e9\u00e9 mon groupe de presse sur cet exemple. <\/span><span style=\"font-weight: 400;\">Les livres offerts et les \u00e9changes entre boursiers sont aussi d\u2019excellents souvenirs.<\/span><\/p><p><b><i><\/i><\/b><span style=\"text-decoration: underline;\"><b><i>Quels ont \u00e9t\u00e9 les principaux enseignements de votre bourse qui ont eu un impact sur votre vie personnelle et professionnelle ?<\/i><\/b><\/span><\/p><p><span style=\"font-weight: 400;\">La Bourse a tr\u00e8s sensiblement influenc\u00e9 ma vision de la politique et du r\u00f4le de la soci\u00e9t\u00e9 civile dans l\u2019action politique. C\u2019est aussi gr\u00e2ce \u00e0 la bourse et au soutien d\u2019Alexandre Pesey que j\u2019ai pu retourner aux \u00c9tats-Unis en stage au sein du mouvement libertarien. <\/span><span style=\"font-weight: 400;\">J\u2019ai gard\u00e9 en t\u00eate l\u2019id\u00e9e de cr\u00e9er un groupe m\u00e9dias depuis la bourse et j\u2019ai pu r\u00e9aliser ce projet. <\/span><span style=\"font-weight: 400;\">J\u2019ai gard\u00e9 de nombreux amis et un lien avec les USA.<\/span><\/p><p><b><i><\/i><\/b><span style=\"text-decoration: underline;\"><b><i>Comment la bourse a-t-elle facilit\u00e9 les opportunit\u00e9s de r\u00e9seautage, et pourriez-vous partager comment ces connexions vous ont aid\u00e9 dans votre carri\u00e8re ?<\/i><\/b><\/span><\/p><p><span style=\"font-weight: 400;\">La Bourse repr\u00e9sente un tr\u00e8s beau r\u00e9seau aux USA et en France. J\u2019ai la chance d\u2019avoir gagn\u00e9 des amis dans cette aventure, d\u2019avoir obtenu des stages d\u00e9cisifs pour ma formation aux USA gr\u00e2ce \u00e0 la bourse et d\u2019avoir des exemples que j\u2019ai encore en t\u00eate aujourd\u2019hui et des photos qui sont toujours dans mon bureau. <\/span><span style=\"font-weight: 400;\">J\u2019ai rencontr\u00e9 de nombreux \u00e9conomistes que je suis toujours et avec lesquels j\u2019ai \u00e9chang\u00e9.<\/span><\/p><p><span style=\"font-weight: 400;\">J\u2019ai pu d\u00eener avec un camarade de la bourse \u00e0 Bratislava, revoir des intervenant rencontr\u00e9s durant la bourse lors de mes retours aux \u00e9tats unis, de mani\u00e8re diffuse le r\u00e9seau de La Bourse Tocqueville est pr\u00e9sent dans mon quotidien.<\/span><\/p><p><b><i><\/i><\/b><span style=\"text-decoration: underline;\"><b><i>Quelles comp\u00e9tences sp\u00e9cifiques avez-vous d\u00e9velopp\u00e9es pendant la bourse qui vous sont utiles dans votre r\u00f4le actuel ?<\/i><\/b><\/span><\/p><p><span style=\"font-weight: 400;\">J\u2019ai eu une illustration concr\u00e8te du r\u00f4le politique des \u00e9conomistes et acteurs de la soci\u00e9t\u00e9 civile et je suis toujours cet exemple dans ma carri\u00e8re au quotidien.<\/span><\/p><p><span style=\"text-decoration: underline;\"><b><i><\/i><\/b><b><i>Bas\u00e9 sur votre exp\u00e9rience, quel conseil donneriez-vous \u00e0 quelqu&rsquo;un envisageant de postuler pour La Bourse Tocqueville ?<\/i><\/b><\/span><\/p><p><span style=\"font-weight: 400;\">Je lui conseillerai bien s\u00fbr de candidater, de pr\u00e9parer son voyage en lisant un maximum de choses sur les personnes \u00e0 rencontrer. Avoir lu les livres de certaines personnalit\u00e9s rencontr\u00e9es m&rsquo;a permis de leur poser des questions plus pr\u00e9cises et \u00e9clairantes.<\/span><\/p><p><span style=\"font-weight: 400;\">Je conseillerai aussi aux candidats d\u2019aborder le voyage avec une grande ouverture d\u2019esprit, non pas en militant mais en chercheur. J\u2019ai aussi beaucoup appris des rencontres avec les mouvements ou personnalit\u00e9s qui d\u00e9fendent des id\u00e9es qui ne sont pas les miennes. <\/span><span style=\"font-weight: 400;\">Bien se pr\u00e9parer \u00e0 La Bourse Tocqueville, c\u2019est \u00eatre pr\u00eat \u00e0 se former, parfois apprendre et parfois simplement comprendre.<\/span><\/p><p><b><i><\/i><\/b><span style=\"text-decoration: underline;\"><b><i>Avec du recul, comment La Bourse Tocqueville a-t-elle influenc\u00e9 votre trajectoire professionnelle ?<\/i><\/b><\/span><\/p><p><span style=\"font-weight: 400;\">J\u2019ai fini ma carri\u00e8re et une partie des mes \u00e9tudes avec mon \u00e9pouse \u00e0 Washington sur la base de mon exp\u00e9rience durant La Bourse Tocqueville et avec l\u2019aide du r\u00e9seau Bourse Tocqueville (Alexandre Pesey particuli\u00e8rement).<\/span><\/p><p><span style=\"font-weight: 400;\">J\u2019ai \u00e9galement concentr\u00e9 mon engagement politique sur des actions men\u00e9es depuis la soci\u00e9t\u00e9 civile plus que par l\u2019\u00e9lection et la fonction politique, en ayant bien retenu qu\u2019il existe des portes communicantes entre ces deux mondes.<\/span><\/p><p><b><i><\/i><\/b><span style=\"text-decoration: underline;\"><b><i>Si vous deviez r\u00e9sumer votre exp\u00e9rience de La Bourse Tocqueville en quelques mots, quels seraient-ils ?<\/i><\/b><\/span><\/p><p><span style=\"font-weight: 400;\">Je dirai \u201cMerci\u201d pour cette exp\u00e9rience, qui m&rsquo;a fait grandir intellectuellement et humainement et a repr\u00e9sent\u00e9 une opportunit\u00e9 que j\u2019ai pu saisir pour construire ma carri\u00e8re.\u00a0<\/span><\/p>\t\t\t\t\t\t<\/div>\n\t\t\t\t<\/div>\n\t\t\t\t<\/div>\n\t\t\t\t\t<\/div>\n\t\t\t\t<\/div>\n\t\t\t\t<\/div>\n\t\t","protected":false},"excerpt":{"rendered":"<p>T\u00e9moignages Jean-Baptiste Jaussaud Je m\u2019appelle Jean-Baptiste Jaussaud, je suis \u00e9conomiste et entrepreneur et j\u2019ai particip\u00e9 \u00e0 La Bourse Tocqueville en 2009. Qu&rsquo;est-ce qui vous a inspir\u00e9 \u00e0 postuler pour La Bourse Tocqueville, et qu&rsquo;esp\u00e9rez-vous accomplir ? J\u2019ai \u00e9t\u00e9 inspir\u00e9 par l\u2019organisation forte de la soci\u00e9t\u00e9 civile am\u00e9ricain et particuli\u00e8rement du mouvement libertarien. La politique am\u00e9ricaine [&hellip;]<\/p>\n","protected":false},"author":2,"featured_media":0,"parent":0,"menu_order":0,"comment_status":"closed","ping_status":"closed","template":"","meta":{"footnotes":""},"class_list":["post-2789","page","type-page","status-publish","hentry"],"_links":{"self":[{"href":"http:\/\/calfistes.fr\/laboursetocqueville\/wp-json\/wp\/v2\/pages\/2789","targetHints":{"allow":["GET"]}}],"collection":[{"href":"http:\/\/calfistes.fr\/laboursetocqueville\/wp-json\/wp\/v2\/pages"}],"about":[{"href":"http:\/\/calfistes.fr\/laboursetocqueville\/wp-json\/wp\/v2\/types\/page"}],"author":[{"embeddable":true,"href":"http:\/\/calfistes.fr\/laboursetocqueville\/wp-json\/wp\/v2\/users\/2"}],"replies":[{"embeddable":true,"href":"http:\/\/calfistes.fr\/laboursetocqueville\/wp-json\/wp\/v2\/comments?post=2789"}],"version-history":[{"count":34,"href":"http:\/\/calfistes.fr\/laboursetocqueville\/wp-json\/wp\/v2\/pages\/2789\/revisions"}],"predecessor-version":[{"id":4267,"href":"http:\/\/calfistes.fr\/laboursetocqueville\/wp-json\/wp\/v2\/pages\/2789\/revisions\/4267"}],"wp:attachment":[{"href":"http:\/\/calfistes.fr\/laboursetocqueville\/wp-json\/wp\/v2\/media?parent=2789"}],"curies":[{"name":"wp","href":"https:\/\/api.w.org\/{rel}","templated":true}]}}