{"id":2784,"date":"2024-06-20T14:41:33","date_gmt":"2024-06-20T12:41:33","guid":{"rendered":"http:\/\/calfistes.fr\/laboursetocqueville\/?page_id=2784"},"modified":"2024-07-26T11:26:35","modified_gmt":"2024-07-26T09:26:35","slug":"samuel-lafont","status":"publish","type":"page","link":"http:\/\/calfistes.fr\/laboursetocqueville\/samuel-lafont\/","title":{"rendered":"Samuel Lafont"},"content":{"rendered":"\t\t<div data-elementor-type=\"wp-page\" data-elementor-id=\"2784\" class=\"elementor elementor-2784\" data-elementor-post-type=\"page\">\n\t\t\t\t<div class=\"elementor-element elementor-element-276142bc e-flex e-con-boxed e-con e-parent\" data-id=\"276142bc\" data-element_type=\"container\" data-settings=\"{&quot;background_background&quot;:&quot;classic&quot;}\">\n\t\t\t\t\t<div class=\"e-con-inner\">\n\t\t\t\t<div class=\"elementor-element elementor-element-274d1a42 elementor-widget elementor-widget-heading\" data-id=\"274d1a42\" data-element_type=\"widget\" data-widget_type=\"heading.default\">\n\t\t\t\t<div class=\"elementor-widget-container\">\n\t\t\t<style>\/*! elementor - v3.23.0 - 25-07-2024 *\/\n.elementor-heading-title{padding:0;margin:0;line-height:1}.elementor-widget-heading .elementor-heading-title[class*=elementor-size-]>a{color:inherit;font-size:inherit;line-height:inherit}.elementor-widget-heading .elementor-heading-title.elementor-size-small{font-size:15px}.elementor-widget-heading .elementor-heading-title.elementor-size-medium{font-size:19px}.elementor-widget-heading .elementor-heading-title.elementor-size-large{font-size:29px}.elementor-widget-heading .elementor-heading-title.elementor-size-xl{font-size:39px}.elementor-widget-heading .elementor-heading-title.elementor-size-xxl{font-size:59px}<\/style><h1 class=\"elementor-heading-title elementor-size-default\">T\u00e9moignages<\/h1>\t\t<\/div>\n\t\t\t\t<\/div>\n\t\t\t\t\t<\/div>\n\t\t\t\t<\/div>\n\t\t<div class=\"elementor-element elementor-element-294baa1a e-flex e-con-boxed e-con e-parent\" data-id=\"294baa1a\" data-element_type=\"container\">\n\t\t\t\t\t<div class=\"e-con-inner\">\n\t\t<div class=\"elementor-element elementor-element-48488b59 e-con-full e-flex e-con e-child\" data-id=\"48488b59\" data-element_type=\"container\">\n\t\t\t\t<div class=\"elementor-element elementor-element-edaddf8 elementor-widget elementor-widget-image\" data-id=\"edaddf8\" data-element_type=\"widget\" data-widget_type=\"image.default\">\n\t\t\t\t<div class=\"elementor-widget-container\">\n\t\t\t<style>\/*! elementor - v3.23.0 - 25-07-2024 *\/\n.elementor-widget-image{text-align:center}.elementor-widget-image a{display:inline-block}.elementor-widget-image a img[src$=\".svg\"]{width:48px}.elementor-widget-image img{vertical-align:middle;display:inline-block}<\/style>\t\t\t\t\t\t\t\t\t\t<img fetchpriority=\"high\" decoding=\"async\" width=\"800\" height=\"713\" src=\"http:\/\/calfistes.fr\/laboursetocqueville\/wp-content\/uploads\/2024\/06\/03-Sam-9-zoom1-1024x913.jpg\" class=\"attachment-large size-large wp-image-2641\" alt=\"\" srcset=\"http:\/\/calfistes.fr\/laboursetocqueville\/wp-content\/uploads\/2024\/06\/03-Sam-9-zoom1-1024x913.jpg 1024w, http:\/\/calfistes.fr\/laboursetocqueville\/wp-content\/uploads\/2024\/06\/03-Sam-9-zoom1-300x267.jpg 300w, http:\/\/calfistes.fr\/laboursetocqueville\/wp-content\/uploads\/2024\/06\/03-Sam-9-zoom1-768x685.jpg 768w, http:\/\/calfistes.fr\/laboursetocqueville\/wp-content\/uploads\/2024\/06\/03-Sam-9-zoom1-1536x1370.jpg 1536w, http:\/\/calfistes.fr\/laboursetocqueville\/wp-content\/uploads\/2024\/06\/03-Sam-9-zoom1-2048x1826.jpg 2048w\" sizes=\"(max-width: 800px) 100vw, 800px\" \/>\t\t\t\t\t\t\t\t\t\t\t\t\t<\/div>\n\t\t\t\t<\/div>\n\t\t\t\t<\/div>\n\t\t<div class=\"elementor-element elementor-element-28972d1 e-con-full e-flex e-con e-child\" data-id=\"28972d1\" data-element_type=\"container\">\n\t\t\t\t<div class=\"elementor-element elementor-element-428d0d8 elementor-widget elementor-widget-heading\" data-id=\"428d0d8\" data-element_type=\"widget\" data-widget_type=\"heading.default\">\n\t\t\t\t<div class=\"elementor-widget-container\">\n\t\t\t<h2 class=\"elementor-heading-title elementor-size-default\">Samuel Lafont<\/h2>\t\t<\/div>\n\t\t\t\t<\/div>\n\t\t\t\t<div class=\"elementor-element elementor-element-5cfe3558 elementor-widget elementor-widget-text-editor\" data-id=\"5cfe3558\" data-element_type=\"widget\" data-widget_type=\"text-editor.default\">\n\t\t\t\t<div class=\"elementor-widget-container\">\n\t\t\t<style>\/*! elementor - v3.23.0 - 25-07-2024 *\/\n.elementor-widget-text-editor.elementor-drop-cap-view-stacked .elementor-drop-cap{background-color:#69727d;color:#fff}.elementor-widget-text-editor.elementor-drop-cap-view-framed .elementor-drop-cap{color:#69727d;border:3px solid;background-color:transparent}.elementor-widget-text-editor:not(.elementor-drop-cap-view-default) .elementor-drop-cap{margin-top:8px}.elementor-widget-text-editor:not(.elementor-drop-cap-view-default) .elementor-drop-cap-letter{width:1em;height:1em}.elementor-widget-text-editor .elementor-drop-cap{float:left;text-align:center;line-height:1;font-size:50px}.elementor-widget-text-editor .elementor-drop-cap-letter{display:inline-block}<\/style>\t\t\t\t<p><span style=\"font-weight: 400;\">Je m\u2019appelle Samuel Lafont et suis actuellement directeur de la strat\u00e9gie num\u00e9rique et des lev\u00e9es de fonds chez Reconqu\u00eate!, le parti d\u2019Eric Zemmour. Je suis \u00e9galement pr\u00e9sident de Damocl\u00e8s, le Premier M\u00e9dia de Mobilisation. <\/span><span style=\"font-weight: 400;\">J\u2019ai particip\u00e9 \u00e0 la Bourse Tocqueville en 2013.<\/span><\/p>\t\t\t\t\t\t<\/div>\n\t\t\t\t<\/div>\n\t\t\t\t<\/div>\n\t\t<div class=\"elementor-element elementor-element-300197a3 e-con-full e-flex e-con e-child\" data-id=\"300197a3\" data-element_type=\"container\">\n\t\t\t\t<div class=\"elementor-element elementor-element-13811bb0 elementor-widget elementor-widget-text-editor\" data-id=\"13811bb0\" data-element_type=\"widget\" data-widget_type=\"text-editor.default\">\n\t\t\t\t<div class=\"elementor-widget-container\">\n\t\t\t\t\t\t\t<p><span style=\"text-decoration: underline;\"><b><i>Qu&rsquo;est-ce qui vous a inspir\u00e9 \u00e0 postuler pour la Bourse Tocqueville, et qu&rsquo;esp\u00e9rez-vous accomplir ?<\/i><\/b><\/span><\/p><p><span style=\"font-weight: 400;\">J\u2019ai postul\u00e9 \u00e0 la Bourse Tocqueville pour voir ce qui se fait de mieux en termes de campagnes politiques (plus gros budgets et avance technique aux \u00c9tats-Unis). Je souhaitais \u00e9galement ressentir le rapport \u00e0 la politique des diff\u00e9rents acteurs que nous allions rencontrer. Cela pour am\u00e9liorer nos campagnes en France, pour prendre le pouvoir en gagnant les \u00e9lections.<\/span><\/p><p><b><i><\/i><\/b><span style=\"text-decoration: underline;\"><b><i>Pouvez-vous d\u00e9crire l&rsquo;une des exp\u00e9riences les plus m\u00e9morables que vous avez eues pendant votre s\u00e9jour \u00e0 Washington D.C. ?<\/i><\/b><\/span><\/p><p><span style=\"font-weight: 400;\">Parmi toutes les exp\u00e9riences marquantes durant notre s\u00e9jour, je retiendrai les moments pass\u00e9s \u00e0 l\u2019Eagle Forum avec les jeunes du Parti R\u00e9publicain. Beaucoup d\u2019enthousiasme sur place et des profils assez vari\u00e9s.<\/span><\/p><p><span style=\"font-weight: 400;\">De mani\u00e8re g\u00e9n\u00e9rale, il est frappant de voir la force de l\u2019engagement dans des combats politiques tr\u00e8s pr\u00e9cis, divers selon les associations et personnalit\u00e9s rencontr\u00e9s, qui participent \u00e0 une victoire \u00e9lectorale commune<\/span><i><span style=\"font-weight: 400;\"> in fine<\/span><\/i><span style=\"font-weight: 400;\">.<\/span><\/p><p><b><i><\/i><\/b><span style=\"text-decoration: underline;\"><b><i>Quels ont \u00e9t\u00e9 les principaux enseignements de votre bourse qui ont eu un impact sur votre vie personnelle et professionnelle ?<\/i><\/b><\/span><\/p><p><span style=\"font-weight: 400;\">La Bourse m\u2019a incit\u00e9 \u00e0 continuer de voir grand. J\u2019ai aussi per\u00e7u une diff\u00e9rence d\u2019organisation et de rigueur par rapport \u00e0 ce que j\u2019ai pu observer en France dans la plupart des campagnes politiques. Penser aux \u00e9lecteurs, se mettre \u00e0 la place des \u00e9lecteurs est aussi important que les id\u00e9es d\u00e9fendues. Les campagnes doivent \u00eatre organis\u00e9es autour de machines \u00e9lectorales compos\u00e9es de professionnels assidus, et non se r\u00e9sumer \u00e0 un rassemblement d\u2019amateurs autour d\u2019une boule de cristal.<\/span><\/p><p><b><i><\/i><\/b><span style=\"text-decoration: underline;\"><b><i>Comment la bourse a-t-elle facilit\u00e9 les opportunit\u00e9s de r\u00e9seautage, et pourriez-vous partager comment ces connexions vous ont aid\u00e9 dans votre carri\u00e8re ?<\/i><\/b><\/span><\/p><p><span style=\"font-weight: 400;\">J\u2019ai rencontr\u00e9 les \u00e9quipes de Contribuables Associ\u00e9s, association pour laquelle j\u2019ai travaill\u00e9 pour la suite. Participer \u00e0 la Bourse Tocqueville, c\u2019est r\u00e9seauter autant en France qu\u2019aux \u00c9tats-Unis. C\u2019est aussi une ligne int\u00e9ressante sur le CV.<\/span><\/p><p><b><i><\/i><\/b><span style=\"text-decoration: underline;\"><b><i>Quelles comp\u00e9tences sp\u00e9cifiques avez-vous d\u00e9velopp\u00e9es pendant la bourse qui vous sont utiles dans votre r\u00f4le actuel ?<\/i><\/b><\/span><\/p><p><span style=\"font-weight: 400;\">Plut\u00f4t qu\u2019une comp\u00e9tence particuli\u00e8re, mon s\u00e9jour aux \u00c9tats-Unis avec la Bourse m\u2019a permis de mettre fin \u00e0 une rumeur largement partag\u00e9e sur la mani\u00e8re de lever des fonds sur les r\u00e9seaux sociaux. C\u2019\u00e9tait l\u2019objet de mon m\u00e9moire.<\/span><\/p><p><b><i><\/i><\/b><span style=\"text-decoration: underline;\"><b><i>Bas\u00e9 sur votre exp\u00e9rience, quel conseil donneriez-vous \u00e0 quelqu&rsquo;un envisageant de postuler pour la Bourse Tocqueville ?<\/i><\/b><\/span><\/p><p><span style=\"font-weight: 400;\">Projetez-vous. Que voulez-vous faire ensuite ? En quoi la Bourse Tocqueville va vous y aider ? Une fois que vous conna\u00eetrez le programme, r\u00e9fl\u00e9chissez \u00e0 comment chaque rencontre peut vous apprendre quelque chose d\u2019utile pour la suite.\u00a0<\/span><\/p><p><b><i><\/i><\/b><span style=\"text-decoration: underline;\"><b><i>Avec du recul, comment la Bourse Tocqueville a-t-elle influenc\u00e9 votre trajectoire professionnelle ?<\/i><\/b><\/span><\/p><p><span style=\"font-weight: 400;\">La Bourse Tocqueville m\u2019a encourag\u00e9 \u00e0 prendre du recul sur les campagnes \u00e9lectorales telles qu\u2019elles sont habituellement men\u00e9es en France. J\u2019ai ensuite particip\u00e9 \u00e0 la campagne de Fran\u00e7ois Fillon et fait partie des fondateurs de Reconqu\u00eate.<\/span><\/p><p><b><i><\/i><\/b><span style=\"text-decoration: underline;\"><b><i>Si vous deviez r\u00e9sumer votre exp\u00e9rience de la Bourse Tocqueville en quelques mots, quels seraient-ils ?<\/i><\/b><\/span><\/p><p><span style=\"font-weight: 400;\">Efficace. Ouverture d\u2019esprit. Opportunit\u00e9 \u00e0 saisir.<\/span><\/p>\t\t\t\t\t\t<\/div>\n\t\t\t\t<\/div>\n\t\t\t\t<\/div>\n\t\t\t\t\t<\/div>\n\t\t\t\t<\/div>\n\t\t\t\t<\/div>\n\t\t","protected":false},"excerpt":{"rendered":"<p>T\u00e9moignages Samuel Lafont Je m\u2019appelle Samuel Lafont et suis actuellement directeur de la strat\u00e9gie num\u00e9rique et des lev\u00e9es de fonds chez Reconqu\u00eate!, le parti d\u2019Eric Zemmour. Je suis \u00e9galement pr\u00e9sident de Damocl\u00e8s, le Premier M\u00e9dia de Mobilisation. J\u2019ai particip\u00e9 \u00e0 la Bourse Tocqueville en 2013. Qu&rsquo;est-ce qui vous a inspir\u00e9 \u00e0 postuler pour la Bourse [&hellip;]<\/p>\n","protected":false},"author":2,"featured_media":0,"parent":0,"menu_order":0,"comment_status":"closed","ping_status":"closed","template":"","meta":{"footnotes":""},"class_list":["post-2784","page","type-page","status-publish","hentry"],"_links":{"self":[{"href":"http:\/\/calfistes.fr\/laboursetocqueville\/wp-json\/wp\/v2\/pages\/2784","targetHints":{"allow":["GET"]}}],"collection":[{"href":"http:\/\/calfistes.fr\/laboursetocqueville\/wp-json\/wp\/v2\/pages"}],"about":[{"href":"http:\/\/calfistes.fr\/laboursetocqueville\/wp-json\/wp\/v2\/types\/page"}],"author":[{"embeddable":true,"href":"http:\/\/calfistes.fr\/laboursetocqueville\/wp-json\/wp\/v2\/users\/2"}],"replies":[{"embeddable":true,"href":"http:\/\/calfistes.fr\/laboursetocqueville\/wp-json\/wp\/v2\/comments?post=2784"}],"version-history":[{"count":22,"href":"http:\/\/calfistes.fr\/laboursetocqueville\/wp-json\/wp\/v2\/pages\/2784\/revisions"}],"predecessor-version":[{"id":4057,"href":"http:\/\/calfistes.fr\/laboursetocqueville\/wp-json\/wp\/v2\/pages\/2784\/revisions\/4057"}],"wp:attachment":[{"href":"http:\/\/calfistes.fr\/laboursetocqueville\/wp-json\/wp\/v2\/media?parent=2784"}],"curies":[{"name":"wp","href":"https:\/\/api.w.org\/{rel}","templated":true}]}}