{"id":2779,"date":"2024-06-20T14:29:20","date_gmt":"2024-06-20T12:29:20","guid":{"rendered":"http:\/\/calfistes.fr\/laboursetocqueville\/?page_id=2779"},"modified":"2024-08-01T10:54:52","modified_gmt":"2024-08-01T08:54:52","slug":"thibault-mercier","status":"publish","type":"page","link":"http:\/\/calfistes.fr\/laboursetocqueville\/thibault-mercier\/","title":{"rendered":"Thibault Mercier"},"content":{"rendered":"\t\t<div data-elementor-type=\"wp-page\" data-elementor-id=\"2779\" class=\"elementor elementor-2779\" data-elementor-post-type=\"page\">\n\t\t\t\t<div class=\"elementor-element elementor-element-5617becd e-flex e-con-boxed e-con e-parent\" data-id=\"5617becd\" data-element_type=\"container\" data-settings=\"{&quot;background_background&quot;:&quot;classic&quot;}\">\n\t\t\t\t\t<div class=\"e-con-inner\">\n\t\t\t\t<div class=\"elementor-element elementor-element-2ed9bdb elementor-widget elementor-widget-heading\" data-id=\"2ed9bdb\" data-element_type=\"widget\" data-widget_type=\"heading.default\">\n\t\t\t\t<div class=\"elementor-widget-container\">\n\t\t\t<style>\/*! elementor - v3.23.0 - 25-07-2024 *\/\n.elementor-heading-title{padding:0;margin:0;line-height:1}.elementor-widget-heading .elementor-heading-title[class*=elementor-size-]>a{color:inherit;font-size:inherit;line-height:inherit}.elementor-widget-heading .elementor-heading-title.elementor-size-small{font-size:15px}.elementor-widget-heading .elementor-heading-title.elementor-size-medium{font-size:19px}.elementor-widget-heading .elementor-heading-title.elementor-size-large{font-size:29px}.elementor-widget-heading .elementor-heading-title.elementor-size-xl{font-size:39px}.elementor-widget-heading .elementor-heading-title.elementor-size-xxl{font-size:59px}<\/style><h1 class=\"elementor-heading-title elementor-size-default\">T\u00e9moignages<\/h1>\t\t<\/div>\n\t\t\t\t<\/div>\n\t\t\t\t\t<\/div>\n\t\t\t\t<\/div>\n\t\t<div class=\"elementor-element elementor-element-191773a1 e-flex e-con-boxed e-con e-parent\" data-id=\"191773a1\" data-element_type=\"container\">\n\t\t\t\t\t<div class=\"e-con-inner\">\n\t\t<div class=\"elementor-element elementor-element-365ffb18 e-con-full e-flex e-con e-child\" data-id=\"365ffb18\" data-element_type=\"container\">\n\t\t\t\t<div class=\"elementor-element elementor-element-79e7cec4 elementor-widget elementor-widget-image\" data-id=\"79e7cec4\" data-element_type=\"widget\" data-widget_type=\"image.default\">\n\t\t\t\t<div class=\"elementor-widget-container\">\n\t\t\t<style>\/*! elementor - v3.23.0 - 25-07-2024 *\/\n.elementor-widget-image{text-align:center}.elementor-widget-image a{display:inline-block}.elementor-widget-image a img[src$=\".svg\"]{width:48px}.elementor-widget-image img{vertical-align:middle;display:inline-block}<\/style>\t\t\t\t\t\t\t\t\t\t<img fetchpriority=\"high\" decoding=\"async\" width=\"800\" height=\"800\" src=\"http:\/\/calfistes.fr\/laboursetocqueville\/wp-content\/uploads\/2024\/06\/45fc0aa4-70c9-4a84-8c26-f8f6822f95c6.jpg\" class=\"attachment-large size-large wp-image-2602\" alt=\"\" srcset=\"http:\/\/calfistes.fr\/laboursetocqueville\/wp-content\/uploads\/2024\/06\/45fc0aa4-70c9-4a84-8c26-f8f6822f95c6.jpg 957w, http:\/\/calfistes.fr\/laboursetocqueville\/wp-content\/uploads\/2024\/06\/45fc0aa4-70c9-4a84-8c26-f8f6822f95c6-300x300.jpg 300w, http:\/\/calfistes.fr\/laboursetocqueville\/wp-content\/uploads\/2024\/06\/45fc0aa4-70c9-4a84-8c26-f8f6822f95c6-150x150.jpg 150w, http:\/\/calfistes.fr\/laboursetocqueville\/wp-content\/uploads\/2024\/06\/45fc0aa4-70c9-4a84-8c26-f8f6822f95c6-768x768.jpg 768w\" sizes=\"(max-width: 800px) 100vw, 800px\" \/>\t\t\t\t\t\t\t\t\t\t\t\t\t<\/div>\n\t\t\t\t<\/div>\n\t\t\t\t<\/div>\n\t\t<div class=\"elementor-element elementor-element-3a4138ff e-con-full e-flex e-con e-child\" data-id=\"3a4138ff\" data-element_type=\"container\">\n\t\t\t\t<div class=\"elementor-element elementor-element-7deb4714 elementor-widget elementor-widget-heading\" data-id=\"7deb4714\" data-element_type=\"widget\" data-widget_type=\"heading.default\">\n\t\t\t\t<div class=\"elementor-widget-container\">\n\t\t\t<h2 class=\"elementor-heading-title elementor-size-default\">Thibault Mercier<\/h2>\t\t<\/div>\n\t\t\t\t<\/div>\n\t\t\t\t<div class=\"elementor-element elementor-element-7212929b elementor-widget elementor-widget-text-editor\" data-id=\"7212929b\" data-element_type=\"widget\" data-widget_type=\"text-editor.default\">\n\t\t\t\t<div class=\"elementor-widget-container\">\n\t\t\t<style>\/*! elementor - v3.23.0 - 25-07-2024 *\/\n.elementor-widget-text-editor.elementor-drop-cap-view-stacked .elementor-drop-cap{background-color:#69727d;color:#fff}.elementor-widget-text-editor.elementor-drop-cap-view-framed .elementor-drop-cap{color:#69727d;border:3px solid;background-color:transparent}.elementor-widget-text-editor:not(.elementor-drop-cap-view-default) .elementor-drop-cap{margin-top:8px}.elementor-widget-text-editor:not(.elementor-drop-cap-view-default) .elementor-drop-cap-letter{width:1em;height:1em}.elementor-widget-text-editor .elementor-drop-cap{float:left;text-align:center;line-height:1;font-size:50px}.elementor-widget-text-editor .elementor-drop-cap-letter{display:inline-block}<\/style>\t\t\t\t<p><span style=\"font-weight: 400;\">Thibault Mercier, 39 ans, avocat. J\u2019ai particip\u00e9 \u00e0 La Bourse Tocqueville en 2015, quelques mois apr\u00e8s avoir fond\u00e9 le Cercle Droit &amp; Libert\u00e9, que je pr\u00e9side et qui f\u00eate ses 10 ans cette ann\u00e9e.<\/span><\/p>\t\t\t\t\t\t<\/div>\n\t\t\t\t<\/div>\n\t\t\t\t<\/div>\n\t\t<div class=\"elementor-element elementor-element-4c74559a e-con-full e-flex e-con e-child\" data-id=\"4c74559a\" data-element_type=\"container\">\n\t\t\t\t<div class=\"elementor-element elementor-element-1c76aa84 elementor-widget elementor-widget-text-editor\" data-id=\"1c76aa84\" data-element_type=\"widget\" data-widget_type=\"text-editor.default\">\n\t\t\t\t<div class=\"elementor-widget-container\">\n\t\t\t\t\t\t\t<p><span style=\"text-decoration: underline;\"><b><i>Qu&rsquo;est-ce qui vous a inspir\u00e9 \u00e0 postuler pour La Bourse Tocqueville, et qu&rsquo;esp\u00e9riez-vous accomplir ?<\/i><\/b><\/span><\/p><p><span style=\"font-weight: 400;\">Mes passages par les formations de l\u2019IFP et le souhait de me former \u00e0 l\u2019aventure associative.<\/span><\/p><p><b><i><\/i><\/b><span style=\"text-decoration: underline;\"><b><i>Pouvez-vous d\u00e9crire l&rsquo;une des exp\u00e9riences les plus m\u00e9morables que vous avez eues pendant votre s\u00e9jour \u00e0 Washington D.C. ?<\/i><\/b><\/span><\/p><p><span style=\"font-weight: 400;\">Faire un discours lors d\u2019une r\u00e9union de coalition devant plusieurs associations am\u00e9ricaines.<\/span><\/p><p><b><i><\/i><\/b><span style=\"text-decoration: underline;\"><b><i>Quels ont \u00e9t\u00e9 les principaux enseignements de votre bourse qui ont eu un impact sur votre vie personnelle et professionnelle ?<\/i><\/b><\/span><\/p><p><span style=\"font-weight: 400;\">J\u2019ai fait des rencontres amicales et politiques que j\u2019entretiens encore aujourd\u2019hui \u00e0 Paris ou \u00e0 Washington.<\/span><\/p><p><b><i><\/i><\/b><span style=\"text-decoration: underline;\"><b><i>Comment la bourse a-t-elle facilit\u00e9 les opportunit\u00e9s de r\u00e9seautage, et pourriez-vous partager comment ces connexions vous ont aid\u00e9 dans votre carri\u00e8re ?<\/i><\/b><\/span><\/p><p><span style=\"font-weight: 400;\">J\u2019ai fait des rencontres amicales et politiques que j\u2019entretiens encore aujourd\u2019hui \u00e0 Paris ou \u00e0 Washington. J\u2019ai par exemple pu mobiliser ce r\u00e9seau pour l\u2019organisation d\u2019un colloque \u00e0 Paris en 2024 en faisant venir des invit\u00e9s de l\u2019\u00e9tranger. Je vais \u00e9galement chaque ann\u00e9e \u00e0 Washington gr\u00e2ce aux relations que j\u2019ai pu tisser avec le Cercle Droit &amp; Libert\u00e9.<\/span><\/p><p><b><i><\/i><\/b><span style=\"text-decoration: underline;\"><b><i>Quelles comp\u00e9tences sp\u00e9cifiques avez-vous d\u00e9velopp\u00e9es pendant la bourse qui vous sont utiles dans votre r\u00f4le actuel ?<\/i><\/b><\/span><\/p><p><span style=\"font-weight: 400;\">j\u2019ai pu d\u00e9velopper des comp\u00e9tences en lev\u00e9e de fonds, communication politique, entretien du r\u00e9seau.<\/span><\/p><p><b><i><\/i><\/b><span style=\"text-decoration: underline;\"><b><i>Bas\u00e9 sur votre exp\u00e9rience, quel conseil donneriez-vous \u00e0 quelqu&rsquo;un envisageant de postuler pour La Bourse Tocqueville ?<\/i><\/b><\/span><\/p><p><span style=\"font-weight: 400;\">De prendre le maximum d\u2019informations que peuvent nous donner les directeurs d\u2019associations et think tanks sur place. Certaines pourront servir des ann\u00e9es plus tard.<\/span><\/p><p><b><i><\/i><\/b><span style=\"text-decoration: underline;\"><b><i>Avec du recul, comment La Bourse Tocqueville a-t-elle influenc\u00e9 votre trajectoire professionnelle ?<\/i><\/b><\/span><\/p><p><span style=\"font-weight: 400;\">La Bourse m\u2019a ouvert le champ des possibles en me montrant que s\u2019il \u00e9tait possible d\u2019avoir des ambitions dans le milieu associatif et politique am\u00e9ricain il \u00e9tait n\u00e9cessairement possible d\u2019en avoir \u00e9galement dans le milieu associatif fran\u00e7ais et d\u2019appliquer (en les adaptant parfois)\u00a0 les m\u00e9thodes apprises outre-atlantiques.<\/span><\/p><p><b><i><\/i><\/b><span style=\"text-decoration: underline;\"><b><i>Si vous deviez r\u00e9sumer votre exp\u00e9rience de La Bourse Tocqueville en quelques mots, quels seraient-ils ?<\/i><\/b><\/span><\/p><p><span style=\"font-weight: 400;\">\u201csky is the limit\u201d<\/span><\/p>\t\t\t\t\t\t<\/div>\n\t\t\t\t<\/div>\n\t\t\t\t<\/div>\n\t\t\t\t\t<\/div>\n\t\t\t\t<\/div>\n\t\t\t\t<\/div>\n\t\t","protected":false},"excerpt":{"rendered":"<p>T\u00e9moignages Thibault Mercier Thibault Mercier, 39 ans, avocat. J\u2019ai particip\u00e9 \u00e0 La Bourse Tocqueville en 2015, quelques mois apr\u00e8s avoir fond\u00e9 le Cercle Droit &amp; Libert\u00e9, que je pr\u00e9side et qui f\u00eate ses 10 ans cette ann\u00e9e. Qu&rsquo;est-ce qui vous a inspir\u00e9 \u00e0 postuler pour La Bourse Tocqueville, et qu&rsquo;esp\u00e9riez-vous accomplir ? Mes passages par [&hellip;]<\/p>\n","protected":false},"author":2,"featured_media":0,"parent":0,"menu_order":0,"comment_status":"closed","ping_status":"closed","template":"","meta":{"footnotes":""},"class_list":["post-2779","page","type-page","status-publish","hentry"],"_links":{"self":[{"href":"http:\/\/calfistes.fr\/laboursetocqueville\/wp-json\/wp\/v2\/pages\/2779","targetHints":{"allow":["GET"]}}],"collection":[{"href":"http:\/\/calfistes.fr\/laboursetocqueville\/wp-json\/wp\/v2\/pages"}],"about":[{"href":"http:\/\/calfistes.fr\/laboursetocqueville\/wp-json\/wp\/v2\/types\/page"}],"author":[{"embeddable":true,"href":"http:\/\/calfistes.fr\/laboursetocqueville\/wp-json\/wp\/v2\/users\/2"}],"replies":[{"embeddable":true,"href":"http:\/\/calfistes.fr\/laboursetocqueville\/wp-json\/wp\/v2\/comments?post=2779"}],"version-history":[{"count":34,"href":"http:\/\/calfistes.fr\/laboursetocqueville\/wp-json\/wp\/v2\/pages\/2779\/revisions"}],"predecessor-version":[{"id":4260,"href":"http:\/\/calfistes.fr\/laboursetocqueville\/wp-json\/wp\/v2\/pages\/2779\/revisions\/4260"}],"wp:attachment":[{"href":"http:\/\/calfistes.fr\/laboursetocqueville\/wp-json\/wp\/v2\/media?parent=2779"}],"curies":[{"name":"wp","href":"https:\/\/api.w.org\/{rel}","templated":true}]}}