{"id":2774,"date":"2024-06-20T12:33:33","date_gmt":"2024-06-20T10:33:33","guid":{"rendered":"http:\/\/calfistes.fr\/laboursetocqueville\/?page_id=2774"},"modified":"2024-07-26T11:26:02","modified_gmt":"2024-07-26T09:26:02","slug":"rene-boustany","status":"publish","type":"page","link":"http:\/\/calfistes.fr\/laboursetocqueville\/rene-boustany\/","title":{"rendered":"Ren\u00e9 boustany"},"content":{"rendered":"\t\t<div data-elementor-type=\"wp-page\" data-elementor-id=\"2774\" class=\"elementor elementor-2774\" data-elementor-post-type=\"page\">\n\t\t\t\t<div class=\"elementor-element elementor-element-25eac9c e-flex e-con-boxed e-con e-parent\" data-id=\"25eac9c\" data-element_type=\"container\" data-settings=\"{&quot;background_background&quot;:&quot;classic&quot;}\">\n\t\t\t\t\t<div class=\"e-con-inner\">\n\t\t\t\t<div class=\"elementor-element elementor-element-6d4d4d7 elementor-widget elementor-widget-heading\" data-id=\"6d4d4d7\" data-element_type=\"widget\" data-widget_type=\"heading.default\">\n\t\t\t\t<div class=\"elementor-widget-container\">\n\t\t\t<style>\/*! elementor - v3.23.0 - 25-07-2024 *\/\n.elementor-heading-title{padding:0;margin:0;line-height:1}.elementor-widget-heading .elementor-heading-title[class*=elementor-size-]>a{color:inherit;font-size:inherit;line-height:inherit}.elementor-widget-heading .elementor-heading-title.elementor-size-small{font-size:15px}.elementor-widget-heading .elementor-heading-title.elementor-size-medium{font-size:19px}.elementor-widget-heading .elementor-heading-title.elementor-size-large{font-size:29px}.elementor-widget-heading .elementor-heading-title.elementor-size-xl{font-size:39px}.elementor-widget-heading .elementor-heading-title.elementor-size-xxl{font-size:59px}<\/style><h1 class=\"elementor-heading-title elementor-size-default\">T\u00e9moignages<\/h1>\t\t<\/div>\n\t\t\t\t<\/div>\n\t\t\t\t\t<\/div>\n\t\t\t\t<\/div>\n\t\t<div class=\"elementor-element elementor-element-f166d42 e-flex e-con-boxed e-con e-parent\" data-id=\"f166d42\" data-element_type=\"container\">\n\t\t\t\t\t<div class=\"e-con-inner\">\n\t\t<div class=\"elementor-element elementor-element-3244db8 e-con-full e-flex e-con e-child\" data-id=\"3244db8\" data-element_type=\"container\">\n\t\t\t\t<div class=\"elementor-element elementor-element-31ffc4a elementor-widget elementor-widget-image\" data-id=\"31ffc4a\" data-element_type=\"widget\" data-widget_type=\"image.default\">\n\t\t\t\t<div class=\"elementor-widget-container\">\n\t\t\t<style>\/*! elementor - v3.23.0 - 25-07-2024 *\/\n.elementor-widget-image{text-align:center}.elementor-widget-image a{display:inline-block}.elementor-widget-image a img[src$=\".svg\"]{width:48px}.elementor-widget-image img{vertical-align:middle;display:inline-block}<\/style>\t\t\t\t\t\t\t\t\t\t<img fetchpriority=\"high\" decoding=\"async\" width=\"800\" height=\"800\" src=\"http:\/\/calfistes.fr\/laboursetocqueville\/wp-content\/uploads\/2024\/05\/d8e82576-ba4b-45e4-be8e-c1ec7a0662e6-1024x1024.jpg\" class=\"attachment-large size-large wp-image-1997\" alt=\"\" srcset=\"http:\/\/calfistes.fr\/laboursetocqueville\/wp-content\/uploads\/2024\/05\/d8e82576-ba4b-45e4-be8e-c1ec7a0662e6-1024x1024.jpg 1024w, http:\/\/calfistes.fr\/laboursetocqueville\/wp-content\/uploads\/2024\/05\/d8e82576-ba4b-45e4-be8e-c1ec7a0662e6-300x300.jpg 300w, http:\/\/calfistes.fr\/laboursetocqueville\/wp-content\/uploads\/2024\/05\/d8e82576-ba4b-45e4-be8e-c1ec7a0662e6-150x150.jpg 150w, http:\/\/calfistes.fr\/laboursetocqueville\/wp-content\/uploads\/2024\/05\/d8e82576-ba4b-45e4-be8e-c1ec7a0662e6-768x768.jpg 768w, http:\/\/calfistes.fr\/laboursetocqueville\/wp-content\/uploads\/2024\/05\/d8e82576-ba4b-45e4-be8e-c1ec7a0662e6-1536x1536.jpg 1536w, http:\/\/calfistes.fr\/laboursetocqueville\/wp-content\/uploads\/2024\/05\/d8e82576-ba4b-45e4-be8e-c1ec7a0662e6-2048x2048.jpg 2048w\" sizes=\"(max-width: 800px) 100vw, 800px\" \/>\t\t\t\t\t\t\t\t\t\t\t\t\t<\/div>\n\t\t\t\t<\/div>\n\t\t\t\t<\/div>\n\t\t<div class=\"elementor-element elementor-element-88b3509 e-con-full e-flex e-con e-child\" data-id=\"88b3509\" data-element_type=\"container\">\n\t\t\t\t<div class=\"elementor-element elementor-element-d5672d3 elementor-widget elementor-widget-heading\" data-id=\"d5672d3\" data-element_type=\"widget\" data-widget_type=\"heading.default\">\n\t\t\t\t<div class=\"elementor-widget-container\">\n\t\t\t<h2 class=\"elementor-heading-title elementor-size-default\">Ren\u00e9 Boustany<\/h2>\t\t<\/div>\n\t\t\t\t<\/div>\n\t\t\t\t<div class=\"elementor-element elementor-element-832a061 elementor-widget elementor-widget-text-editor\" data-id=\"832a061\" data-element_type=\"widget\" data-widget_type=\"text-editor.default\">\n\t\t\t\t<div class=\"elementor-widget-container\">\n\t\t\t<style>\/*! elementor - v3.23.0 - 25-07-2024 *\/\n.elementor-widget-text-editor.elementor-drop-cap-view-stacked .elementor-drop-cap{background-color:#69727d;color:#fff}.elementor-widget-text-editor.elementor-drop-cap-view-framed .elementor-drop-cap{color:#69727d;border:3px solid;background-color:transparent}.elementor-widget-text-editor:not(.elementor-drop-cap-view-default) .elementor-drop-cap{margin-top:8px}.elementor-widget-text-editor:not(.elementor-drop-cap-view-default) .elementor-drop-cap-letter{width:1em;height:1em}.elementor-widget-text-editor .elementor-drop-cap{float:left;text-align:center;line-height:1;font-size:50px}.elementor-widget-text-editor .elementor-drop-cap-letter{display:inline-block}<\/style>\t\t\t\t<p>Je m\u2019appelle Ren\u00e9 Boustany, j\u2019ai 34 ans, je suis avocat en droit des affaires et co-fondateur du Cercle Droit &amp; Libert\u00e9. J\u2019ai eu la chance de participer \u00e0 la Bourse Tocqueville en 2012, \u00e0 l\u2019\u00e2ge de 22 ans.\u00a0<\/p>\t\t\t\t\t\t<\/div>\n\t\t\t\t<\/div>\n\t\t\t\t<\/div>\n\t\t<div class=\"elementor-element elementor-element-02e1897 e-con-full e-flex e-con e-child\" data-id=\"02e1897\" data-element_type=\"container\">\n\t\t\t\t<div class=\"elementor-element elementor-element-b9ccde2 elementor-widget elementor-widget-text-editor\" data-id=\"b9ccde2\" data-element_type=\"widget\" data-widget_type=\"text-editor.default\">\n\t\t\t\t<div class=\"elementor-widget-container\">\n\t\t\t\t\t\t\t<p><span style=\"text-decoration: underline;\"><b><i>Qu&rsquo;est-ce qui vous a inspir\u00e9 \u00e0 postuler pour la Bourse Tocqueville, et qu&rsquo;esp\u00e9riez-vous accomplir ?<\/i><\/b><\/span><\/p><p>\u00c0 cette \u00e9poque, j\u2019\u00e9tais d\u00e9j\u00e0 tr\u00e8s engag\u00e9 politiquement \u00e0 l\u2019universit\u00e9, et j\u2019avais soif de me former intellectuellement et j\u2019avais fait 2 s\u00e9minaires de l\u2019IFP. J\u2019ai voulu postuler \u00e0 la BT parce que j\u2019avais la chance de conna\u00eetre d\u2019anciens laur\u00e9ats plus \u00e2g\u00e9s pour qui la BT avait transform\u00e9 leur engagement. Je savais qu\u2019en y allant, j\u2019apprendrais beaucoup.<\/p><p><b><i><\/i><\/b><span style=\"text-decoration: underline;\"><b><i>Pouvez-vous d\u00e9crire l&rsquo;une des exp\u00e9riences les plus m\u00e9morables que vous avez eues pendant votre s\u00e9jour \u00e0 Washington D.C. ?<\/i><\/b><\/span><\/p><p>De mon exp\u00e9rience \u00e0 Washington DC, je n\u2019oublierai jamais notre rencontre avec Ron Paul, le candidat r\u00e9publicain aux primaires pour l\u2019\u00e9lection pr\u00e9sidentielle. Ce fut une chance inou\u00ef pour nous jeunes engag\u00e9s d\u2019\u00e9changer avec lui pendant plus d\u2019une heure sur notre engagement. Ses paroles, sa vision et son optimisme ont \u00e9t\u00e9 des moteurs \u00e0 mon retour en France pour continuer mon engagement.\u00a0<\/p><p><b><i><\/i><\/b><span style=\"text-decoration: underline;\"><b><i>Quels ont \u00e9t\u00e9 les principaux enseignements de votre bourse qui ont eu un impact sur votre vie personnelle et professionnelle ?<\/i><\/b><\/span><\/p><p>Gr\u00e2ce \u00e0 ce s\u00e9jour, j\u2019ai r\u00e9alis\u00e9 la force et l\u2019importance de la soci\u00e9t\u00e9 civile aux Etats-Unis, notamment pour la droite am\u00e9ricaine sous l&rsquo;administration OBAMA. Lors de mon s\u00e9jour, Fran\u00e7ois Hollande venait tout juste d\u2019\u00eatre \u00e9lu 2 mois avant et la droite fran\u00e7aise passait pour la premi\u00e8re fois depuis 10 ans dans l\u2019opposition. J\u2019ai alors compris que, pour faire avancer mes convictions, mon engagement pouvait ne plus \u00eatre uniquement au sein d\u2019une famille politique mais au sein de la soci\u00e9t\u00e9 civile fran\u00e7aise. C\u2019est pourquoi \u00e0 l&rsquo;issue de la BT, j\u2019ai cr\u00e9\u00e9 quelque temps apr\u00e8s, avec un autre laur\u00e9at de la BT,\u00a0 le Cercle Droit &amp; Libert\u00e9 qui est devenu le premier r\u00e9seau de juristes conservateur de France.<\/p><p><span style=\"text-decoration: underline;\"><b><i>Comment la bourse a-t-elle facilit\u00e9 les opportunit\u00e9s de r\u00e9seautage, et pourriez-vous partager comment ces connexions vous ont aid\u00e9 dans votre carri\u00e8re ?<\/i><\/b><\/span><\/p><p>Etre un laur\u00e9at de la BT c\u2019est faire partie d\u2019un petit r\u00e9seau de gens de grandes qualit\u00e9s et engag\u00e9s. Lorsque l\u2019on a voulu lancer le Cercle Droit &amp; Libert\u00e9 on a pu demander de l\u2019aide et des conseils \u00e0 d\u2019anciens laur\u00e9ats. Par ailleurs, la BT nous ouvre les portes de la soci\u00e9t\u00e9 civile fran\u00e7aise ce qui nous a beaucoup aid\u00e9 \u00e0 nos d\u00e9buts.<\/p><p><b><i><\/i><\/b><span style=\"text-decoration: underline;\"><b><i>Bas\u00e9 sur votre exp\u00e9rience, quel conseil donneriez-vous \u00e0 quelqu&rsquo;un envisageant de postuler pour la Bourse Tocqueville ?<\/i><\/b><\/span><\/p><p>Je lui dirai que cela sera sans doute sa meilleure exp\u00e9rience de jeune militant. Il apprendra sur ce qui se fait de mieux au sein de la soci\u00e9t\u00e9 civile am\u00e9ricaine, il va revenir avec une vision claire pour son engagement et avec un optimisme d\u00e9bordant. Pour ce faire, je lui conseille de bien pr\u00e9parer son projet et de r\u00e9fl\u00e9chir, avant de partir, \u00e0 ce qu\u2019il souhaite apprendre et rechercher la-bas. En effet, les am\u00e9ricains que l\u2019on rencontre dans les Think Tank nous re\u00e7oivent avec g\u00e9n\u00e9rosit\u00e9 et prennent le temps, si on leur demande, pour discuter et \u00e9changer plus en profondeur et partager leur riche exp\u00e9rience.<\/p><p><span style=\"text-decoration: underline;\"><b><i>Avec du recul, comment la Bourse Tocqueville a-t-elle influenc\u00e9 votre trajectoire professionnelle ?<\/i><\/b><\/span><\/p><p>Gr\u00e2ce \u00e0 la BT j\u2019ai compris l\u2019importance de la soci\u00e9t\u00e9 civile. Qu\u2019elle \u00e9tait, si ce n\u2019est plus importante au moins autant que l\u2019engagement politique. C\u2019est la raison pour laquelle j\u2019ai cr\u00e9\u00e9 avec un autre laur\u00e9at le Cercle Droit &amp; Libert\u00e9 qui existe depuis maintenant 10 ans.\u00a0<\/p><p><b><i><\/i><\/b><span style=\"text-decoration: underline;\"><b><i>Si vous deviez r\u00e9sumer votre exp\u00e9rience de la Bourse Tocqueville en quelques mots, quels seraient-ils ?<\/i><\/b><\/span><\/p><p>La BT fut pour moi un moment marquant de mon engagement et parmi les plus enrichissants. Il y a n\u00e9cessairement un avant et un apr\u00e8s BT.<\/p>\t\t\t\t\t\t<\/div>\n\t\t\t\t<\/div>\n\t\t\t\t<\/div>\n\t\t\t\t\t<\/div>\n\t\t\t\t<\/div>\n\t\t\t\t<\/div>\n\t\t","protected":false},"excerpt":{"rendered":"<p>T\u00e9moignages Ren\u00e9 Boustany Je m\u2019appelle Ren\u00e9 Boustany, j\u2019ai 34 ans, je suis avocat en droit des affaires et co-fondateur du Cercle Droit &amp; Libert\u00e9. J\u2019ai eu la chance de participer \u00e0 la Bourse Tocqueville en 2012, \u00e0 l\u2019\u00e2ge de 22 ans.\u00a0 Qu&rsquo;est-ce qui vous a inspir\u00e9 \u00e0 postuler pour la Bourse Tocqueville, et qu&rsquo;esp\u00e9riez-vous accomplir [&hellip;]<\/p>\n","protected":false},"author":2,"featured_media":0,"parent":0,"menu_order":0,"comment_status":"closed","ping_status":"closed","template":"","meta":{"footnotes":""},"class_list":["post-2774","page","type-page","status-publish","hentry"],"_links":{"self":[{"href":"http:\/\/calfistes.fr\/laboursetocqueville\/wp-json\/wp\/v2\/pages\/2774","targetHints":{"allow":["GET"]}}],"collection":[{"href":"http:\/\/calfistes.fr\/laboursetocqueville\/wp-json\/wp\/v2\/pages"}],"about":[{"href":"http:\/\/calfistes.fr\/laboursetocqueville\/wp-json\/wp\/v2\/types\/page"}],"author":[{"embeddable":true,"href":"http:\/\/calfistes.fr\/laboursetocqueville\/wp-json\/wp\/v2\/users\/2"}],"replies":[{"embeddable":true,"href":"http:\/\/calfistes.fr\/laboursetocqueville\/wp-json\/wp\/v2\/comments?post=2774"}],"version-history":[{"count":76,"href":"http:\/\/calfistes.fr\/laboursetocqueville\/wp-json\/wp\/v2\/pages\/2774\/revisions"}],"predecessor-version":[{"id":4051,"href":"http:\/\/calfistes.fr\/laboursetocqueville\/wp-json\/wp\/v2\/pages\/2774\/revisions\/4051"}],"wp:attachment":[{"href":"http:\/\/calfistes.fr\/laboursetocqueville\/wp-json\/wp\/v2\/media?parent=2774"}],"curies":[{"name":"wp","href":"https:\/\/api.w.org\/{rel}","templated":true}]}}