{"id":2001,"date":"2024-05-31T15:39:43","date_gmt":"2024-05-31T13:39:43","guid":{"rendered":"http:\/\/calfistes.fr\/laboursetocqueville\/?page_id=2001"},"modified":"2024-08-01T10:40:34","modified_gmt":"2024-08-01T08:40:34","slug":"les-anciens-laureats","status":"publish","type":"page","link":"http:\/\/calfistes.fr\/laboursetocqueville\/les-anciens-laureats\/","title":{"rendered":"Les anciens laur\u00e9ats"},"content":{"rendered":"\t\t<div data-elementor-type=\"wp-page\" data-elementor-id=\"2001\" class=\"elementor elementor-2001\" data-elementor-post-type=\"page\">\n\t\t\t\t<div class=\"elementor-element elementor-element-518e8e9 e-flex e-con-boxed e-con e-parent\" data-id=\"518e8e9\" data-element_type=\"container\" data-settings=\"{&quot;background_background&quot;:&quot;classic&quot;}\">\n\t\t\t\t\t<div class=\"e-con-inner\">\n\t\t\t\t<div class=\"elementor-element elementor-element-bcfb8f5 elementor-widget elementor-widget-heading\" data-id=\"bcfb8f5\" data-element_type=\"widget\" data-widget_type=\"heading.default\">\n\t\t\t\t<div class=\"elementor-widget-container\">\n\t\t\t<style>\/*! elementor - v3.23.0 - 25-07-2024 *\/\n.elementor-heading-title{padding:0;margin:0;line-height:1}.elementor-widget-heading .elementor-heading-title[class*=elementor-size-]>a{color:inherit;font-size:inherit;line-height:inherit}.elementor-widget-heading .elementor-heading-title.elementor-size-small{font-size:15px}.elementor-widget-heading .elementor-heading-title.elementor-size-medium{font-size:19px}.elementor-widget-heading .elementor-heading-title.elementor-size-large{font-size:29px}.elementor-widget-heading .elementor-heading-title.elementor-size-xl{font-size:39px}.elementor-widget-heading .elementor-heading-title.elementor-size-xxl{font-size:59px}<\/style><h1 class=\"elementor-heading-title elementor-size-default\">Les anciens laur\u00e9ats<\/h1>\t\t<\/div>\n\t\t\t\t<\/div>\n\t\t\t\t\t<\/div>\n\t\t\t\t<\/div>\n\t\t<div class=\"elementor-element elementor-element-9c068a9 e-flex e-con-boxed e-con e-parent\" data-id=\"9c068a9\" data-element_type=\"container\">\n\t\t\t\t\t<div class=\"e-con-inner\">\n\t\t\t\t<div class=\"elementor-element elementor-element-cad1f84 elementor-widget elementor-widget-heading\" data-id=\"cad1f84\" data-element_type=\"widget\" data-widget_type=\"heading.default\">\n\t\t\t\t<div class=\"elementor-widget-container\">\n\t\t\t<h2 class=\"elementor-heading-title elementor-size-default\">T\u00e9moignages<\/h2>\t\t<\/div>\n\t\t\t\t<\/div>\n\t\t\t\t<div class=\"elementor-element elementor-element-58c4eeb elementor-widget elementor-widget-text-editor\" data-id=\"58c4eeb\" data-element_type=\"widget\" data-widget_type=\"text-editor.default\">\n\t\t\t\t<div class=\"elementor-widget-container\">\n\t\t\t<style>\/*! elementor - v3.23.0 - 25-07-2024 *\/\n.elementor-widget-text-editor.elementor-drop-cap-view-stacked .elementor-drop-cap{background-color:#69727d;color:#fff}.elementor-widget-text-editor.elementor-drop-cap-view-framed .elementor-drop-cap{color:#69727d;border:3px solid;background-color:transparent}.elementor-widget-text-editor:not(.elementor-drop-cap-view-default) .elementor-drop-cap{margin-top:8px}.elementor-widget-text-editor:not(.elementor-drop-cap-view-default) .elementor-drop-cap-letter{width:1em;height:1em}.elementor-widget-text-editor .elementor-drop-cap{float:left;text-align:center;line-height:1;font-size:50px}.elementor-widget-text-editor .elementor-drop-cap-letter{display:inline-block}<\/style>\t\t\t\t<p>D\u00e9couvrez nos anciens laur\u00e9ats, une source d&rsquo;inspiration et de succ\u00e8s <br \/>\u00e0 travers leurs parcours uniques et leurs belles r\u00e9alisations.<\/p>\t\t\t\t\t\t<\/div>\n\t\t\t\t<\/div>\n\t\t\t\t\t<\/div>\n\t\t\t\t<\/div>\n\t\t<div class=\"elementor-element elementor-element-213afa5 e-flex e-con-boxed e-con e-parent\" data-id=\"213afa5\" data-element_type=\"container\">\n\t\t\t\t\t<div class=\"e-con-inner\">\n\t\t<div class=\"elementor-element elementor-element-959ff0c e-con-full e-flex e-con e-child\" data-id=\"959ff0c\" data-element_type=\"container\">\n\t\t\t\t<div class=\"elementor-element elementor-element-0355ecd elementor-cta--skin-classic elementor-animated-content elementor-bg-transform elementor-bg-transform-zoom-in elementor-widget elementor-widget-call-to-action\" data-id=\"0355ecd\" data-element_type=\"widget\" data-widget_type=\"call-to-action.default\">\n\t\t\t\t<div class=\"elementor-widget-container\">\n\t\t\t<link rel=\"stylesheet\" href=\"https:\/\/calfistes.fr\/laboursetocqueville\/wp-content\/plugins\/elementor-pro\/assets\/css\/widget-call-to-action.min.css?ver=1722439354\">\t\t<div class=\"elementor-cta\">\n\t\t\t\t\t<div class=\"elementor-cta__bg-wrapper\">\n\t\t\t\t<div class=\"elementor-cta__bg elementor-bg\" style=\"background-image: url(http:\/\/calfistes.fr\/laboursetocqueville\/wp-content\/uploads\/2024\/05\/d8e82576-ba4b-45e4-be8e-c1ec7a0662e6-1024x1024.jpg);\" role=\"img\" aria-label=\"d8e82576-ba4b-45e4-be8e-c1ec7a0662e6\"><\/div>\n\t\t\t\t<div class=\"elementor-cta__bg-overlay\"><\/div>\n\t\t\t<\/div>\n\t\t\t\t\t\t\t<div class=\"elementor-cta__content\">\n\t\t\t\t\n\t\t\t\t\t\t\t\t\t<h3 class=\"elementor-cta__title elementor-cta__content-item elementor-content-item\">\n\t\t\t\t\t\tRen\u00e9 Boustany\t\t\t\t\t<\/h3>\n\t\t\t\t\n\t\t\t\t\t\t\t\t\t<span class=\"elementor-cta__description elementor-cta__content-item elementor-content-item\">\n\t\t\t\t\t\tJe m\u2019appelle Ren\u00e9 Boustany, j\u2019ai 34 ans, <br>je suis avocat en droit des affaires et co-fondateur du Cercle Droit &amp; Libert\u00e9.\n\t\t\t\t\t<\/span>\n\t\t\t\t\n\t\t\t\t\t\t\t\t\t<div class=\"elementor-cta__button-wrapper elementor-cta__content-item elementor-content-item \">\n\t\t\t\t\t<a class=\"elementor-cta__button elementor-button elementor-size-\" href=\"http:\/\/calfistes.fr\/laboursetocqueville\/rene-boustany\/\">\n\t\t\t\t\t\tLire plus\t\t\t\t\t<\/a>\n\t\t\t\t\t<\/div>\n\t\t\t\t\t\t\t<\/div>\n\t\t\t\t\t\t<\/div>\n\t\t\t\t<\/div>\n\t\t\t\t<\/div>\n\t\t\t\t<\/div>\n\t\t<div class=\"elementor-element elementor-element-d8e16cd e-con-full e-flex e-con e-child\" data-id=\"d8e16cd\" data-element_type=\"container\">\n\t\t\t\t<div class=\"elementor-element elementor-element-d76b04e elementor-cta--skin-classic elementor-animated-content elementor-bg-transform elementor-bg-transform-zoom-in elementor-widget elementor-widget-call-to-action\" data-id=\"d76b04e\" data-element_type=\"widget\" data-widget_type=\"call-to-action.default\">\n\t\t\t\t<div class=\"elementor-widget-container\">\n\t\t\t\t\t<div class=\"elementor-cta\">\n\t\t\t\t\t<div class=\"elementor-cta__bg-wrapper\">\n\t\t\t\t<div class=\"elementor-cta__bg elementor-bg\" style=\"background-image: url(http:\/\/calfistes.fr\/laboursetocqueville\/wp-content\/uploads\/2024\/06\/1640256827106.jpg);\" role=\"img\" aria-label=\"1640256827106\"><\/div>\n\t\t\t\t<div class=\"elementor-cta__bg-overlay\"><\/div>\n\t\t\t<\/div>\n\t\t\t\t\t\t\t<div class=\"elementor-cta__content\">\n\t\t\t\t\n\t\t\t\t\t\t\t\t\t<h3 class=\"elementor-cta__title elementor-cta__content-item elementor-content-item\">\n\t\t\t\t\t\tNicolas Monti\t\t\t\t\t<\/h3>\n\t\t\t\t\n\t\t\t\t\t\t\t\t\t<span class=\"elementor-cta__description elementor-cta__content-item elementor-content-item\">\n\t\t\t\t\t\tJe m\u2019appelle Nicolas Pouvreau-Monti et j\u2019ai 30 ans. Je suis co-fondateur et directeur de l\u2019Observatoire de l\u2019immigration et de la d\u00e9mographie.\t\t\t\t\t<\/span>\n\t\t\t\t\n\t\t\t\t\t\t\t\t\t<div class=\"elementor-cta__button-wrapper elementor-cta__content-item elementor-content-item \">\n\t\t\t\t\t<a class=\"elementor-cta__button elementor-button elementor-size-\" href=\"http:\/\/calfistes.fr\/laboursetocqueville\/nicolas-monti\/\">\n\t\t\t\t\t\tlire plus\t\t\t\t\t<\/a>\n\t\t\t\t\t<\/div>\n\t\t\t\t\t\t\t<\/div>\n\t\t\t\t\t\t<\/div>\n\t\t\t\t<\/div>\n\t\t\t\t<\/div>\n\t\t\t\t<\/div>\n\t\t<div class=\"elementor-element elementor-element-e8b82d4 e-con-full e-flex e-con e-child\" data-id=\"e8b82d4\" data-element_type=\"container\">\n\t\t\t\t<div class=\"elementor-element elementor-element-2cded26 elementor-cta--skin-classic elementor-animated-content elementor-bg-transform elementor-bg-transform-zoom-in elementor-widget elementor-widget-call-to-action\" data-id=\"2cded26\" data-element_type=\"widget\" data-widget_type=\"call-to-action.default\">\n\t\t\t\t<div class=\"elementor-widget-container\">\n\t\t\t\t\t<div class=\"elementor-cta\">\n\t\t\t\t\t<div class=\"elementor-cta__bg-wrapper\">\n\t\t\t\t<div class=\"elementor-cta__bg elementor-bg\" style=\"background-image: url(http:\/\/calfistes.fr\/laboursetocqueville\/wp-content\/uploads\/2024\/06\/45fc0aa4-70c9-4a84-8c26-f8f6822f95c6.jpg);\" role=\"img\" aria-label=\"45fc0aa4-70c9-4a84-8c26-f8f6822f95c6\"><\/div>\n\t\t\t\t<div class=\"elementor-cta__bg-overlay\"><\/div>\n\t\t\t<\/div>\n\t\t\t\t\t\t\t<div class=\"elementor-cta__content\">\n\t\t\t\t\n\t\t\t\t\t\t\t\t\t<h3 class=\"elementor-cta__title elementor-cta__content-item elementor-content-item\">\n\t\t\t\t\t\tThibault Mercier\t\t\t\t\t<\/h3>\n\t\t\t\t\n\t\t\t\t\t\t\t\t\t<span class=\"elementor-cta__description elementor-cta__content-item elementor-content-item\">\n\t\t\t\t\t\tThibault Mercier, 39 ans, avocat. <br>J\u2019ai particip\u00e9 \u00e0 la Bourse Tocqueville <br>en 2015, quelques mois apr\u00e8s avoir <br>fond\u00e9 le Cercle Droit &amp; Libert\u00e9.\t\t\t\t\t<\/span>\n\t\t\t\t\n\t\t\t\t\t\t\t\t\t<div class=\"elementor-cta__button-wrapper elementor-cta__content-item elementor-content-item \">\n\t\t\t\t\t<a class=\"elementor-cta__button elementor-button elementor-size-\" href=\"http:\/\/calfistes.fr\/laboursetocqueville\/thibault-mercier\/\">\n\t\t\t\t\t\tlire plus\t\t\t\t\t<\/a>\n\t\t\t\t\t<\/div>\n\t\t\t\t\t\t\t<\/div>\n\t\t\t\t\t\t<\/div>\n\t\t\t\t<\/div>\n\t\t\t\t<\/div>\n\t\t\t\t<\/div>\n\t\t<div class=\"elementor-element elementor-element-63b016a e-con-full e-flex e-con e-child\" data-id=\"63b016a\" data-element_type=\"container\">\n\t\t\t\t<div class=\"elementor-element elementor-element-44dc69e elementor-cta--skin-classic elementor-animated-content elementor-bg-transform elementor-bg-transform-zoom-in elementor-widget elementor-widget-call-to-action\" data-id=\"44dc69e\" data-element_type=\"widget\" data-widget_type=\"call-to-action.default\">\n\t\t\t\t<div class=\"elementor-widget-container\">\n\t\t\t\t\t<div class=\"elementor-cta\">\n\t\t\t\t\t<div class=\"elementor-cta__bg-wrapper\">\n\t\t\t\t<div class=\"elementor-cta__bg elementor-bg\" style=\"background-image: url(http:\/\/calfistes.fr\/laboursetocqueville\/wp-content\/uploads\/2024\/06\/03-Sam-9-zoom1-1024x913.jpg);\" role=\"img\" aria-label=\"03 Sam-9 zoom1\"><\/div>\n\t\t\t\t<div class=\"elementor-cta__bg-overlay\"><\/div>\n\t\t\t<\/div>\n\t\t\t\t\t\t\t<div class=\"elementor-cta__content\">\n\t\t\t\t\n\t\t\t\t\t\t\t\t\t<h3 class=\"elementor-cta__title elementor-cta__content-item elementor-content-item\">\n\t\t\t\t\t\tSamuel Lafont\t\t\t\t\t<\/h3>\n\t\t\t\t\n\t\t\t\t\t\t\t\t\t<span class=\"elementor-cta__description elementor-cta__content-item elementor-content-item\">\n\t\t\t\t\t\tJe m\u2019appelle Samuel Lafont et suis actuellement directeur de la strat\u00e9gie num\u00e9rique et des lev\u00e9es de fonds chez Reconqu\u00eate!, le parti d\u2019Eric Zemmour.\t\t\t\t\t<\/span>\n\t\t\t\t\n\t\t\t\t\t\t\t\t\t<div class=\"elementor-cta__button-wrapper elementor-cta__content-item elementor-content-item \">\n\t\t\t\t\t<a class=\"elementor-cta__button elementor-button elementor-size-\" href=\"http:\/\/calfistes.fr\/laboursetocqueville\/samuel-lafont\/\">\n\t\t\t\t\t\tlire plus\t\t\t\t\t<\/a>\n\t\t\t\t\t<\/div>\n\t\t\t\t\t\t\t<\/div>\n\t\t\t\t\t\t<\/div>\n\t\t\t\t<\/div>\n\t\t\t\t<\/div>\n\t\t\t\t<\/div>\n\t\t<div class=\"elementor-element elementor-element-b4fef87 e-con-full e-flex e-con e-child\" data-id=\"b4fef87\" data-element_type=\"container\">\n\t\t\t\t<div class=\"elementor-element elementor-element-8805f1f elementor-cta--skin-classic elementor-animated-content elementor-bg-transform elementor-bg-transform-zoom-in elementor-widget elementor-widget-call-to-action\" data-id=\"8805f1f\" data-element_type=\"widget\" data-widget_type=\"call-to-action.default\">\n\t\t\t\t<div class=\"elementor-widget-container\">\n\t\t\t\t\t<div class=\"elementor-cta\">\n\t\t\t\t\t<div class=\"elementor-cta__bg-wrapper\">\n\t\t\t\t<div class=\"elementor-cta__bg elementor-bg\" style=\"background-image: url(http:\/\/calfistes.fr\/laboursetocqueville\/wp-content\/uploads\/2024\/06\/Jean-Baptiste-Jaussaud.png);\" role=\"img\" aria-label=\"Jean-Baptiste Jaussaud\"><\/div>\n\t\t\t\t<div class=\"elementor-cta__bg-overlay\"><\/div>\n\t\t\t<\/div>\n\t\t\t\t\t\t\t<div class=\"elementor-cta__content\">\n\t\t\t\t\n\t\t\t\t\t\t\t\t\t<h3 class=\"elementor-cta__title elementor-cta__content-item elementor-content-item\">\n\t\t\t\t\t\tJean-Baptiste Jaussaud\t\t\t\t\t<\/h3>\n\t\t\t\t\n\t\t\t\t\t\t\t\t\t<div class=\"elementor-cta__description elementor-cta__content-item elementor-content-item\">\n\t\t\t\t\t\tJe m\u2019appelle Jean-Baptiste Jaussaud, je suis \u00e9conomiste et entrepreneur et j\u2019ai particip\u00e9 \u00e0 la Bourse Tocqueville en 2009.\t\t\t\t\t<\/div>\n\t\t\t\t\n\t\t\t\t\t\t\t\t\t<div class=\"elementor-cta__button-wrapper elementor-cta__content-item elementor-content-item \">\n\t\t\t\t\t<a class=\"elementor-cta__button elementor-button elementor-size-\" href=\"http:\/\/calfistes.fr\/laboursetocqueville\/jean-baptiste-jaussaud\/\">\n\t\t\t\t\t\tlire plus\t\t\t\t\t<\/a>\n\t\t\t\t\t<\/div>\n\t\t\t\t\t\t\t<\/div>\n\t\t\t\t\t\t<\/div>\n\t\t\t\t<\/div>\n\t\t\t\t<\/div>\n\t\t\t\t<\/div>\n\t\t<div class=\"elementor-element elementor-element-275bc7e e-con-full e-flex e-con e-child\" data-id=\"275bc7e\" data-element_type=\"container\">\n\t\t\t\t<div class=\"elementor-element elementor-element-d02cf5d elementor-cta--skin-classic elementor-animated-content elementor-bg-transform elementor-bg-transform-zoom-in elementor-widget elementor-widget-call-to-action\" data-id=\"d02cf5d\" data-element_type=\"widget\" data-widget_type=\"call-to-action.default\">\n\t\t\t\t<div class=\"elementor-widget-container\">\n\t\t\t\t\t<div class=\"elementor-cta\">\n\t\t\t\t\t<div class=\"elementor-cta__bg-wrapper\">\n\t\t\t\t<div class=\"elementor-cta__bg elementor-bg\" style=\"background-image: url(http:\/\/calfistes.fr\/laboursetocqueville\/wp-content\/uploads\/2024\/06\/8b8de19f-05b5-49d5-bef8-e2c4ebf55494-1024x1024.png);\" role=\"img\" aria-label=\"8b8de19f-05b5-49d5-bef8-e2c4ebf55494\"><\/div>\n\t\t\t\t<div class=\"elementor-cta__bg-overlay\"><\/div>\n\t\t\t<\/div>\n\t\t\t\t\t\t\t<div class=\"elementor-cta__content\">\n\t\t\t\t\n\t\t\t\t\t\t\t\t\t<h3 class=\"elementor-cta__title elementor-cta__content-item elementor-content-item\">\n\t\t\t\t\t\tJeanne Pavard\t\t\t\t\t<\/h3>\n\t\t\t\t\n\t\t\t\t\t\t\t\t\t<span class=\"elementor-cta__description elementor-cta__content-item elementor-content-item\">\n\t\t\t\t\t\tJe m\u2019appelle Jeanne Pavard, <br>j\u2019ai aujourd\u2019hui 40 ans. J\u2019ai eu la chance d\u2019\u00eatre s\u00e9lectionn\u00e9e et de participer \u00e0 la Bourse Tocqueville de l\u2019\u00e9t\u00e9 2006.\t\t\t\t\t<\/span>\n\t\t\t\t\n\t\t\t\t\t\t\t\t\t<div class=\"elementor-cta__button-wrapper elementor-cta__content-item elementor-content-item \">\n\t\t\t\t\t<a class=\"elementor-cta__button elementor-button elementor-size-\" href=\"http:\/\/calfistes.fr\/laboursetocqueville\/jeanne-pavard\/\">\n\t\t\t\t\t\tlire plus\t\t\t\t\t<\/a>\n\t\t\t\t\t<\/div>\n\t\t\t\t\t\t\t<\/div>\n\t\t\t\t\t\t<\/div>\n\t\t\t\t<\/div>\n\t\t\t\t<\/div>\n\t\t\t\t<\/div>\n\t\t\t\t\t<\/div>\n\t\t\t\t<\/div>\n\t\t\t\t<\/div>\n\t\t","protected":false},"excerpt":{"rendered":"<p>Les anciens laur\u00e9ats T\u00e9moignages D\u00e9couvrez nos anciens laur\u00e9ats, une source d&rsquo;inspiration et de succ\u00e8s \u00e0 travers leurs parcours uniques et leurs belles r\u00e9alisations. Ren\u00e9 Boustany Je m\u2019appelle Ren\u00e9 Boustany, j\u2019ai 34 ans, je suis avocat en droit des affaires et co-fondateur du Cercle Droit &amp; Libert\u00e9. Lire plus Nicolas Monti Je m\u2019appelle Nicolas Pouvreau-Monti et [&hellip;]<\/p>\n","protected":false},"author":2,"featured_media":0,"parent":0,"menu_order":0,"comment_status":"closed","ping_status":"closed","template":"","meta":{"footnotes":""},"class_list":["post-2001","page","type-page","status-publish","hentry"],"_links":{"self":[{"href":"http:\/\/calfistes.fr\/laboursetocqueville\/wp-json\/wp\/v2\/pages\/2001","targetHints":{"allow":["GET"]}}],"collection":[{"href":"http:\/\/calfistes.fr\/laboursetocqueville\/wp-json\/wp\/v2\/pages"}],"about":[{"href":"http:\/\/calfistes.fr\/laboursetocqueville\/wp-json\/wp\/v2\/types\/page"}],"author":[{"embeddable":true,"href":"http:\/\/calfistes.fr\/laboursetocqueville\/wp-json\/wp\/v2\/users\/2"}],"replies":[{"embeddable":true,"href":"http:\/\/calfistes.fr\/laboursetocqueville\/wp-json\/wp\/v2\/comments?post=2001"}],"version-history":[{"count":241,"href":"http:\/\/calfistes.fr\/laboursetocqueville\/wp-json\/wp\/v2\/pages\/2001\/revisions"}],"predecessor-version":[{"id":4245,"href":"http:\/\/calfistes.fr\/laboursetocqueville\/wp-json\/wp\/v2\/pages\/2001\/revisions\/4245"}],"wp:attachment":[{"href":"http:\/\/calfistes.fr\/laboursetocqueville\/wp-json\/wp\/v2\/media?parent=2001"}],"curies":[{"name":"wp","href":"https:\/\/api.w.org\/{rel}","templated":true}]}}